{"id":1940,"date":"2025-11-15T09:22:02","date_gmt":"2025-11-15T14:22:02","guid":{"rendered":"https:\/\/luckyperutour.com\/terms-and-conditions\/"},"modified":"2026-04-20T19:50:50","modified_gmt":"2026-04-21T00:50:50","slug":"terms-and-conditions","status":"publish","type":"page","link":"https:\/\/luckyperutour.com\/en\/terms-and-conditions\/","title":{"rendered":"Terms and Conditions"},"content":{"rendered":"\t\t<div data-elementor-type=\"wp-page\" data-elementor-id=\"1940\" class=\"elementor elementor-1940 elementor-69\" data-elementor-post-type=\"page\">\n\t\t\t\t<div class=\"elementor-element elementor-element-fbe2571 e-flex e-con-boxed e-con e-parent\" data-id=\"fbe2571\" data-element_type=\"container\" data-e-type=\"container\">\n\t\t\t\t\t<div class=\"e-con-inner\">\n\t\t\t\t<div class=\"elementor-element elementor-element-52b91a9 elementor-widget elementor-widget-text-editor\" data-id=\"52b91a9\" data-element_type=\"widget\" data-e-type=\"widget\" data-widget_type=\"text-editor.default\">\n\t\t\t\t\t\t\t\t\t<header class=\"entry-header\">\n<h1 class=\"entry-title\">T\u00e9rminos &amp; Condiciones<\/h1>\n<\/header>\n<div class=\"entry-content\">\n<h3 id=\"h-lucky-peru-tour-s-a-c\" class=\"wp-block-heading\">LUCKY PERU TOUR S.A.C<\/h3>\n<h3 id=\"h-terminos-y-condiciones\" class=\"wp-block-heading\">TERMS AND CONDITIONS:<\/h3>\n<p>Dear customer, before booking any service with Lucky Per\u00fa Tour S.A.C., we suggest you carefully read these terms and conditions. In accordance with Peruvian travel regulations, when booking a tour or trek with Lucky Per\u00fa Tour S.A.C., you automatically agree to these regulations, which may differ slightly from those in your country of origin. Therefore, we suggest you carefully read the terms and conditions described below. If you have any questions, please do not hesitate to contact our staff. After this, you will be ready to make your formal booking with us.   <\/p>\n<h3 id=\"h-reservas\" class=\"wp-block-heading\">RESERVATIONS:<\/h3>\n<p>Once you have decided to make a formal booking with Lucky Peru Tour S.A.C., you must complete our online booking form on our website for the tour or trek you wish to take. We request the following information: Full name as it appears on your passport (nicknames are not accepted), passport number (if your passport number changes after booking a tour, please inform us), age, nationality, phone number, gender, email address, dietary requirements, flight dates, arrival time in Cusco or the other city covered by the booked tour, allergies, medical restrictions, or anything else you feel we should know. <\/p>\n<h3 id=\"h-reservas-para-el-camino-inca\" class=\"wp-block-heading\">RESERVATIONS FOR THE INCA TRAIL:<\/h3>\n<p>If you make a reservation for the Inca Trail, please note the following:<\/p>\n<ul class=\"wp-block-list\">\n<li>Antes de reservar el Camino Inca, debe asegurarse de la disponibilidad de espacios, para la fecha en que desea realizar esta caminata.<\/li>\n<li>Once you have chosen a start date for the hike, you cannot change this start date.<\/li>\n<li>Permits for the Inca Trail are not transferable to other people.<\/li>\n<li>Para reservar el Camino Inca debe enviarnos una copia o una foto de los pasaportes de cada miembro de su grupo.<\/li>\n<li>You must send us a passport valid for the start date of your hike.<\/li>\n<\/ul>\n<h3 id=\"h-deposito-inicial\" class=\"wp-block-heading\">INITIAL DEPOSIT:<\/h3>\n<p>To make a formal reservation for any program, itinerary or tour with Lucky Peru Tour S.a.c, you must send us a deposit as follows:<\/p>\n<ul class=\"wp-block-list\">\n<li>For any Inca Trail to Machu Picchu = $200 US dollars per person.<\/li>\n<li>For any alternative hike = $200 US dollars per person.<\/li>\n<li>For any Inca Trail to Machu Picchu + Huaynapicchu or Machupicchu Mountain = $270 US dollars per person.<\/li>\n<li>For any Amazon Jungle Trip = $200 US dollars per person.<\/li>\n<li>For any Peru Package = 40% of the total Package Price.<\/li>\n<li>For any other tour = $200 US dollars per person.<\/li>\n<\/ul>\n<p>PLEASE NOTE: All deposits to formalize a tour, hike or program are non-refundable and non-transferable to another person under any circumstances.<\/p>\n<h3 id=\"h-metodos-de-pago\" class=\"wp-block-heading\">PAYMENT METHODS:<\/h3>\n<p>Dear Customer, Lucky Peru Tour offers you 4 payment methods to make your initial deposit or to pay the remainder of the total price of the tour, trek or program booked. These methods are detailed below:<\/p>\n<h4 id=\"h-ver-todas-las-formas-de-pago\" class=\"wp-block-heading\">VIEW ALL PAYMENT METHODS<\/h4>\n<h3 id=\"h-el-pago-final\" class=\"wp-block-heading\">THE FINAL PAYMENT:<\/h3>\n<p>Puede hacer su pago final, 15 d\u00edas antes de la fecha de inicio de su tour, caminata o programa, puede utilizar uno de los 4 m\u00e9todos de pago descritos anteriormente, tambi\u00e9n puede pagar su pago final 5 d\u00edas antes de su fecha de inicio aqu\u00ed en Cusco, puede ser en efectivo, tarjetas de cr\u00e9dito o d\u00e9bito.<\/p>\n<p>Note: Once you make the final payment of the total price, if for any reason you decide to cancel your tour, hike or program, you will only be refunded 50% of the final payment.<\/p>\n<h3 id=\"h-cancelaciones\" class=\"wp-block-heading\">CANCELLATIONS:<\/h3>\n<p>At any time, the client\/buyer may cancel the requested or contracted services without any right to a refund of the deposit paid. The client is only entitled to a 50 percent refund if they have made the final payment of the total price. In our experience, a certain percentage of bookings are canceled by the client before the program begins due to unforeseen circumstances. Cancellation penalties are detailed below.   <\/p>\n<p>For the Classic Inca Trail: Because Inca Trail regulations are very strict, if you or someone in your group wishes to cancel your Inca Trail reservation, you will be charged a penalty of 60% of the total price. For example, the cost of the Inca Trail based on 2 people is $650 per person, so 60% = $390. If you sent a deposit of $200, the penalty will be $390 &#8211; $200 = $190 <\/p>\n<p>For the 2-Day, 1-Night Inca Trail: Due to strict regulations for the Inca Trail, if you or anyone in your group wishes to cancel your reservation, you will be charged a penalty of 60% of the total price. For example, the cost of the 2-Day\/1-Night Inca Trail based on 2 people is $500 per person, so 60% = $300. If you sent a deposit of $200, the penalty will be $300 &#8211; $200 = $100 <\/p>\n<p><strong>Para el Camino Inca Cl\u00e1sico: <\/strong>Para caminatas alternativas: si usted o alguien de su grupo desea cancelar cualquier caminata alternativa, debe pagar una penalizaci\u00f3n del 50% del precio total. Por ejemplo el costo del Salkantay Trek basado en 2 personas es de 450 $ por persona, entonces el 50% = 225 $ si envi\u00f3 un dep\u00f3sito de 150 $ la penalidad ser\u00e1 de 225 $ \u2013 150 = 75 $ <\/p>\n<p>For Peru Packages: If you or someone in your group wishes to cancel any Peru Package, you must pay a penalty of 50% of the total price. For example, if a Peru Package for 2 people costs $1500 per person, then 50% = $750. If you sent a deposit of 40% of the total price, in this case $600, then the penalty will be $750 &#8211; $600 = $150 <\/p>\n<p>For any other tour or program: If you or someone in your group wishes to cancel any other tour or program, you must pay a penalty of 50% of the total price. For example, the Machu Picchu by Train 2 Days and 1 Night tour based on 2 people costs $480 per person, so 50% = $240. If you sent a deposit of $150, then the penalty will be $240 &#8211; $150 = $90 <\/p>\n<p>Note: You have up to 15 days before your tour start date to make any cancellations mentioned above. After 15 days, if you wish to cancel your tour, you will be required to pay the full price of the tour, trek, or program booked and will not be entitled to any refund. Furthermore, if someone in your group decides to cancel any tour or trek, they must pay the full price of the tour or trek. Otherwise, the other members of the group are obligated to pay the full price of the trek for the person who cancels if the other members of the group wish to continue. Otherwise, the tour or trek will be canceled.   <\/p>\n<h3 id=\"h-fuerza-mayor\" class=\"wp-block-heading\">FORCE MAJEURE<\/h3>\n<p>We will retain the full amount, and Lucky Per\u00fa Tour S.a.c. is not responsible for the client&#8217;s failure to appear due to flight delays or cancellations. The company is not liable for damage to or loss of luggage, accidents, unforeseen expenses and unavoidable delays, services provided by third parties, or direct causes beyond our control. In the unfortunate event of a no-show due to unforeseen circumstances, the company will provide the client with a certificate to process with their insurance company. This includes any event that Lucky Per\u00fa Tour S.a.c. cannot, even with the utmost care, foresee or prevent. This covers events such as war or threat of war, riots, civil unrest, terrorist activities, labor disputes, illnesses, pandemics, natural disasters, adverse weather conditions, fires, or all similar events beyond our control. In this case, Lucky Per\u00fa Tour S.a.c. will not accept liability and reserves the right to change, postpone, or even cancel trips (this is, of course, a last resort!).     <\/p>\n<h3 id=\"h-riesgos-asociados-con-nuestros-tours-caminata-o-programas\" class=\"wp-block-heading\">RIESGOS ASOCIADOS CON NUESTROS TOURS, CAMINATA O PROGRAMAS<\/h3>\n<p>Al reservar cualquiera de nuestros tours, caminatas o programas (Camino Inca a Machu Picchu, Salkantay Trek, Ausangate Trek, Choquequirao Trek, Lares Trek, Manu Jungle Trips y m\u00e1s) usted asume los riesgos asociados con estos tours, caminatas o programas, Local Trekkers Per\u00fa Company no acepta ninguna responsabilidad asociada con los riesgos que estos tours, caminatas o programas puedan tener. (Accidentes, huelgas, terremotos, factores clim\u00e1ticos, condiciones de seguridad, factores pol\u00edticos, denegaci\u00f3n de permisos de ingreso, temas de salud, entre otros) adem\u00e1s, Tocapus Cusco Trek S.a.c nos exonera de responsabilidad en relaci\u00f3n con asuntos legales u otros inconvenientes en los que el Cliente puedan verse involucrados, as\u00ed como los gastos personales en que incurra el pasajero por esta causa. <\/p>\n<h3 class=\"wp-block-heading\">PRICES AND RATES<\/h3>\n<p>All prices and rates displayed to the customer\/buyer on our website are subject to change, availability, and validity without prior notice. Restrictions and conditions apply to each published rate according to its validity. <\/p>\n<h3 class=\"wp-block-heading\">CUSTOMER OR BUYER RESPONSIBILITIES<\/h3>\n<p>Client Responsibilities and Representations:<\/p>\n<p>a) Verify that your passaport has the minimum validity required for your trip according to the destination country<\/p>\n<p>b) the client declares that he has no restrictions on leaving the country due to criminal offensesm, in accordaece with the provisions of peruvian laws<\/p>\n<p>c) Declare that youhave been informed and have received understood and accepted all the terms , conditions and restrictions on the services and products provided by tocapus cusco trek S.a.c<\/p>\n<p>d) Accept these terms and conditions in full.<\/p>\n<h3 class=\"wp-block-heading\">RESPONSIBILITIES OF LOCAL TREKKERS IN PERU<\/h3>\n<p>Lucky Per\u00fa Tour S.A.C. is responsible for fulfilling all the terms and conditions of our tours, hikes, programs, and travel packages, as described on our website, and for providing all the information required by the client. In the event of force majeure, Local Trekkers Per\u00fa will do everything within its power to help our clients resolve any issues. <\/p>\n<h3 class=\"wp-block-heading\">THESE TERMS AND CONDITIONS<\/h3>\n<p>Lucky Per\u00fa Tour S.a.c. reserves the right to change or modify these terms and conditions at any time and without prior notice..<\/p>\n<p>I have read and agree to the terms and conditions.<\/p>\n<\/div>\t\t\t\t\t\t\t\t<\/div>\n\t\t\t\t\t<\/div>\n\t\t\t\t<\/div>\n\t\t\t\t<\/div>\n\t\t","protected":false},"excerpt":{"rendered":"<p>T\u00e9rminos &amp; Condiciones LUCKY PERU TOUR S.A.C TERMS AND CONDITIONS: Dear customer, before booking any service with Lucky Per\u00fa Tour S.A.C., we suggest you carefully read these terms and conditions. In accordance with Peruvian travel regulations, when booking a tour or trek with Lucky Per\u00fa Tour S.A.C., you automatically agree to these regulations, which may [&hellip;]<\/p>\n","protected":false},"author":1,"featured_media":0,"parent":0,"menu_order":0,"comment_status":"closed","ping_status":"closed","template":"","meta":{"footnotes":""},"class_list":["post-1940","page","type-page","status-publish","hentry"],"yoast_head":"<!-- This site is optimized with the Yoast SEO Premium plugin v26.8 (Yoast SEO v27.3) - https:\/\/yoast.com\/product\/yoast-seo-premium-wordpress\/ -->\n<title>Terms and Conditions<\/title>\n<meta name=\"description\" content=\"Revisa las pol\u00edticas de reservas, pagos, cancelaciones y condiciones generales de nuestros servicios tur\u00edsticos.\" \/>\n<meta name=\"robots\" content=\"index, follow, max-snippet:-1, max-image-preview:large, max-video-preview:-1\" \/>\n<link rel=\"canonical\" href=\"https:\/\/luckyperutour.com\/en\/terms-and-conditions\/\" \/>\n<meta property=\"og:locale\" content=\"en_US\" \/>\n<meta property=\"og:type\" content=\"article\" \/>\n<meta property=\"og:title\" content=\"Terms and Conditions\" \/>\n<meta property=\"og:description\" content=\"Revisa las pol\u00edticas de reservas, pagos, cancelaciones y condiciones generales de nuestros servicios tur\u00edsticos.\" \/>\n<meta property=\"og:url\" content=\"https:\/\/luckyperutour.com\/en\/terms-and-conditions\/\" \/>\n<meta property=\"og:site_name\" content=\"Lucky Peru Tour\" \/>\n<meta property=\"article:publisher\" content=\"https:\/\/www.facebook.com\/LuckyPeruTourOficial\/\" \/>\n<meta property=\"article:modified_time\" content=\"2026-04-21T00:50:50+00:00\" \/>\n<meta name=\"twitter:card\" content=\"summary_large_image\" \/>\n<meta name=\"twitter:label1\" content=\"Est. reading time\" \/>\n\t<meta name=\"twitter:data1\" content=\"8 minutes\" \/>\n<script type=\"application\/ld+json\" class=\"yoast-schema-graph\">{\"@context\":\"https:\\\/\\\/schema.org\",\"@graph\":[{\"@type\":\"WebPage\",\"@id\":\"https:\\\/\\\/luckyperutour.com\\\/en\\\/terms-and-conditions\\\/\",\"url\":\"https:\\\/\\\/luckyperutour.com\\\/en\\\/terms-and-conditions\\\/\",\"name\":\"Terms and Conditions\",\"isPartOf\":{\"@id\":\"https:\\\/\\\/luckyperutour.com\\\/#website\"},\"datePublished\":\"2025-11-15T14:22:02+00:00\",\"dateModified\":\"2026-04-21T00:50:50+00:00\",\"description\":\"Revisa las pol\u00edticas de reservas, pagos, cancelaciones y condiciones generales de nuestros servicios tur\u00edsticos.\",\"breadcrumb\":{\"@id\":\"https:\\\/\\\/luckyperutour.com\\\/en\\\/terms-and-conditions\\\/#breadcrumb\"},\"inLanguage\":\"en-US\",\"potentialAction\":[{\"@type\":\"ReadAction\",\"target\":[\"https:\\\/\\\/luckyperutour.com\\\/en\\\/terms-and-conditions\\\/\"]}]},{\"@type\":\"BreadcrumbList\",\"@id\":\"https:\\\/\\\/luckyperutour.com\\\/en\\\/terms-and-conditions\\\/#breadcrumb\",\"itemListElement\":[{\"@type\":\"ListItem\",\"position\":1,\"name\":\"Portada\",\"item\":\"https:\\\/\\\/luckyperutour.com\\\/\"},{\"@type\":\"ListItem\",\"position\":2,\"name\":\"Terms and Conditions\"}]},{\"@type\":\"WebSite\",\"@id\":\"https:\\\/\\\/luckyperutour.com\\\/#website\",\"url\":\"https:\\\/\\\/luckyperutour.com\\\/\",\"name\":\"Lucky Peru Tour\",\"description\":\"Tour Operator in Cusco\",\"publisher\":{\"@id\":\"https:\\\/\\\/luckyperutour.com\\\/#organization\"},\"alternateName\":\"Lucky Peru Tour\",\"potentialAction\":[{\"@type\":\"SearchAction\",\"target\":{\"@type\":\"EntryPoint\",\"urlTemplate\":\"https:\\\/\\\/luckyperutour.com\\\/?s={search_term_string}\"},\"query-input\":{\"@type\":\"PropertyValueSpecification\",\"valueRequired\":true,\"valueName\":\"search_term_string\"}}],\"inLanguage\":\"en-US\"},{\"@type\":\"Organization\",\"@id\":\"https:\\\/\\\/luckyperutour.com\\\/#organization\",\"name\":\"Lucky Peru Tour\",\"alternateName\":\"Lucky Peru Tour\",\"url\":\"https:\\\/\\\/luckyperutour.com\\\/\",\"logo\":{\"@type\":\"ImageObject\",\"inLanguage\":\"en-US\",\"@id\":\"https:\\\/\\\/luckyperutour.com\\\/#\\\/schema\\\/logo\\\/image\\\/\",\"url\":\"http:\\\/\\\/luckyperutour.com\\\/wp-content\\\/uploads\\\/2026\\\/01\\\/favicon-web.webp\",\"contentUrl\":\"http:\\\/\\\/luckyperutour.com\\\/wp-content\\\/uploads\\\/2026\\\/01\\\/favicon-web.webp\",\"width\":690,\"height\":690,\"caption\":\"Lucky Peru Tour\"},\"image\":{\"@id\":\"https:\\\/\\\/luckyperutour.com\\\/#\\\/schema\\\/logo\\\/image\\\/\"},\"sameAs\":[\"https:\\\/\\\/www.facebook.com\\\/LuckyPeruTourOficial\\\/\",\"https:\\\/\\\/www.instagram.com\\\/luckyperutour\\\/\",\"https:\\\/\\\/www.tiktok.com\\\/@luckyperutour\"]}]}<\/script>\n<!-- \/ Yoast SEO Premium plugin. -->","yoast_head_json":{"title":"Terms and Conditions","description":"Revisa las pol\u00edticas de reservas, pagos, cancelaciones y condiciones generales de nuestros servicios tur\u00edsticos.","robots":{"index":"index","follow":"follow","max-snippet":"max-snippet:-1","max-image-preview":"max-image-preview:large","max-video-preview":"max-video-preview:-1"},"canonical":"https:\/\/luckyperutour.com\/en\/terms-and-conditions\/","og_locale":"en_US","og_type":"article","og_title":"Terms and Conditions","og_description":"Revisa las pol\u00edticas de reservas, pagos, cancelaciones y condiciones generales de nuestros servicios tur\u00edsticos.","og_url":"https:\/\/luckyperutour.com\/en\/terms-and-conditions\/","og_site_name":"Lucky Peru Tour","article_publisher":"https:\/\/www.facebook.com\/LuckyPeruTourOficial\/","article_modified_time":"2026-04-21T00:50:50+00:00","twitter_card":"summary_large_image","twitter_misc":{"Est. reading time":"8 minutes"},"schema":{"@context":"https:\/\/schema.org","@graph":[{"@type":"WebPage","@id":"https:\/\/luckyperutour.com\/en\/terms-and-conditions\/","url":"https:\/\/luckyperutour.com\/en\/terms-and-conditions\/","name":"Terms and Conditions","isPartOf":{"@id":"https:\/\/luckyperutour.com\/#website"},"datePublished":"2025-11-15T14:22:02+00:00","dateModified":"2026-04-21T00:50:50+00:00","description":"Revisa las pol\u00edticas de reservas, pagos, cancelaciones y condiciones generales de nuestros servicios tur\u00edsticos.","breadcrumb":{"@id":"https:\/\/luckyperutour.com\/en\/terms-and-conditions\/#breadcrumb"},"inLanguage":"en-US","potentialAction":[{"@type":"ReadAction","target":["https:\/\/luckyperutour.com\/en\/terms-and-conditions\/"]}]},{"@type":"BreadcrumbList","@id":"https:\/\/luckyperutour.com\/en\/terms-and-conditions\/#breadcrumb","itemListElement":[{"@type":"ListItem","position":1,"name":"Portada","item":"https:\/\/luckyperutour.com\/"},{"@type":"ListItem","position":2,"name":"Terms and Conditions"}]},{"@type":"WebSite","@id":"https:\/\/luckyperutour.com\/#website","url":"https:\/\/luckyperutour.com\/","name":"Lucky Peru Tour","description":"Tour Operator in Cusco","publisher":{"@id":"https:\/\/luckyperutour.com\/#organization"},"alternateName":"Lucky Peru Tour","potentialAction":[{"@type":"SearchAction","target":{"@type":"EntryPoint","urlTemplate":"https:\/\/luckyperutour.com\/?s={search_term_string}"},"query-input":{"@type":"PropertyValueSpecification","valueRequired":true,"valueName":"search_term_string"}}],"inLanguage":"en-US"},{"@type":"Organization","@id":"https:\/\/luckyperutour.com\/#organization","name":"Lucky Peru Tour","alternateName":"Lucky Peru Tour","url":"https:\/\/luckyperutour.com\/","logo":{"@type":"ImageObject","inLanguage":"en-US","@id":"https:\/\/luckyperutour.com\/#\/schema\/logo\/image\/","url":"http:\/\/luckyperutour.com\/wp-content\/uploads\/2026\/01\/favicon-web.webp","contentUrl":"http:\/\/luckyperutour.com\/wp-content\/uploads\/2026\/01\/favicon-web.webp","width":690,"height":690,"caption":"Lucky Peru Tour"},"image":{"@id":"https:\/\/luckyperutour.com\/#\/schema\/logo\/image\/"},"sameAs":["https:\/\/www.facebook.com\/LuckyPeruTourOficial\/","https:\/\/www.instagram.com\/luckyperutour\/","https:\/\/www.tiktok.com\/@luckyperutour"]}]}},"_links":{"self":[{"href":"https:\/\/luckyperutour.com\/en\/wp-json\/wp\/v2\/pages\/1940","targetHints":{"allow":["GET"]}}],"collection":[{"href":"https:\/\/luckyperutour.com\/en\/wp-json\/wp\/v2\/pages"}],"about":[{"href":"https:\/\/luckyperutour.com\/en\/wp-json\/wp\/v2\/types\/page"}],"author":[{"embeddable":true,"href":"https:\/\/luckyperutour.com\/en\/wp-json\/wp\/v2\/users\/1"}],"replies":[{"embeddable":true,"href":"https:\/\/luckyperutour.com\/en\/wp-json\/wp\/v2\/comments?post=1940"}],"version-history":[{"count":1,"href":"https:\/\/luckyperutour.com\/en\/wp-json\/wp\/v2\/pages\/1940\/revisions"}],"predecessor-version":[{"id":1941,"href":"https:\/\/luckyperutour.com\/en\/wp-json\/wp\/v2\/pages\/1940\/revisions\/1941"}],"wp:attachment":[{"href":"https:\/\/luckyperutour.com\/en\/wp-json\/wp\/v2\/media?parent=1940"}],"curies":[{"name":"wp","href":"https:\/\/api.w.org\/{rel}","templated":true}]}}