{"id":1991,"date":"2025-11-15T09:17:24","date_gmt":"2025-11-15T14:17:24","guid":{"rendered":"https:\/\/luckyperutour.com\/privacy-policy\/"},"modified":"2026-04-21T19:01:25","modified_gmt":"2026-04-22T00:01:25","slug":"privacy-policy","status":"publish","type":"page","link":"https:\/\/luckyperutour.com\/en\/privacy-policy\/","title":{"rendered":"Privacy Policy"},"content":{"rendered":"\t\t<div data-elementor-type=\"wp-page\" data-elementor-id=\"1991\" class=\"elementor elementor-1991 elementor-59\" data-elementor-post-type=\"page\">\n\t\t\t\t<div class=\"elementor-element elementor-element-7feb7e4 e-flex e-con-boxed e-con e-parent\" data-id=\"7feb7e4\" data-element_type=\"container\" data-e-type=\"container\">\n\t\t\t\t\t<div class=\"e-con-inner\">\n\t\t\t\t<div class=\"elementor-element elementor-element-e499ca5 elementor-widget elementor-widget-text-editor\" data-id=\"e499ca5\" data-element_type=\"widget\" data-e-type=\"widget\" data-widget_type=\"text-editor.default\">\n\t\t\t\t\t\t\t\t\t<h1 data-section-id=\"osu7gk\" data-start=\"184\" data-end=\"226\">Pol\u00edtica de Privacidad \u2013 Lucky Peru Tour<\/h1>\n<p data-start=\"228\" data-end=\"631\">At Lucky Peru Tour, your privacy is very important to us. This Privacy Policy describes how we collect, use, store, and protect your personal information when you use our services, whether through our website, email, telephone, or other means of communication. By using our services, you agree to the practices described in this policy.  <\/p>\n<h2 data-section-id=\"1kwg2xu\" data-start=\"633\" data-end=\"666\">1. Information we collect<\/h2>\n<p data-start=\"668\" data-end=\"787\">We may collect personal information that you voluntarily provide to us, including, but not limited to:<\/p>\n<ul data-start=\"789\" data-end=\"1003\">\n<li data-section-id=\"yihpma\" data-start=\"789\" data-end=\"808\">Nombre completo<\/li>\n<li data-section-id=\"1huh6s0\" data-start=\"809\" data-end=\"844\">Email address<\/li>\n<li data-section-id=\"o8b3f8\" data-start=\"845\" data-end=\"867\">Phone number<\/li>\n<li data-section-id=\"7qkd9y\" data-start=\"868\" data-end=\"936\">Informaci\u00f3n de pago (tarjeta de cr\u00e9dito, transferencia bancaria)<\/li>\n<li data-section-id=\"1xd5j02\" data-start=\"937\" data-end=\"1003\">Travel information (destinations, dates, tour preferences)<\/li>\n<\/ul>\n<p data-start=\"1005\" data-end=\"1102\">In addition, we may automatically collect certain data from your visit to our website, such as:<\/p>\n<ul data-start=\"1104\" data-end=\"1266\">\n<li data-section-id=\"1j41z3z\" data-start=\"1104\" data-end=\"1120\">IP address<\/li>\n<li data-section-id=\"c1o65k\" data-start=\"1121\" data-end=\"1162\">Browser type and operating system<\/li>\n<li data-section-id=\"3tnzjx\" data-start=\"1163\" data-end=\"1208\">Pages visited and duration of visit<\/li>\n<li data-section-id=\"vtas1l\" data-start=\"1209\" data-end=\"1266\">References and links that led you to our site<\/li>\n<\/ul>\n<h2 data-section-id=\"1ti2vv\" data-start=\"1268\" data-end=\"1295\">2. Use of information<\/h2>\n<p data-start=\"1297\" data-end=\"1346\">La informaci\u00f3n que recopilamos se utiliza para:<\/p>\n<ul data-start=\"1348\" data-end=\"1674\">\n<li data-section-id=\"8v041h\" data-start=\"1348\" data-end=\"1393\">Process and manage your bookings and payments<\/li>\n<li data-section-id=\"153867c\" data-start=\"1394\" data-end=\"1449\">Provide personalized customer service and support<\/li>\n<li data-section-id=\"162hhlw\" data-start=\"1450\" data-end=\"1555\">Sending confirmations, travel updates, and communications related to our services<\/li>\n<li data-section-id=\"fj4t6p\" data-start=\"1556\" data-end=\"1611\">Improve our services, website and promotions<\/li>\n<li data-section-id=\"kta1pg\" data-start=\"1612\" data-end=\"1674\">Comply with applicable legal obligations or regulations<\/li>\n<\/ul>\n<h2 data-section-id=\"1oiolob\" data-start=\"1676\" data-end=\"1716\">3. Sharing information with third parties<\/h2>\n<p data-start=\"1718\" data-end=\"1860\">We do not sell, rent, or trade your personal information with third parties for commercial purposes. We may share your information with: <\/p>\n<ul data-start=\"1862\" data-end=\"2088\">\n<li data-section-id=\"bat4u4\" data-start=\"1862\" data-end=\"1966\">Tourism service providers (hotels, transport, local guides) to fulfill your booking<\/li>\n<li data-section-id=\"2rj8yd\" data-start=\"1967\" data-end=\"2023\">Legal authorities if required by law<\/li>\n<li data-section-id=\"1j7qcdg\" data-start=\"2024\" data-end=\"2088\">Proveedores de servicios de pago para procesar transacciones<\/li>\n<\/ul>\n<h2 data-section-id=\"2nv1ka\" data-start=\"2090\" data-end=\"2123\">4. Information Security<\/h2>\n<p data-start=\"2125\" data-end=\"2417\">En <strong data-start=\"2128\" data-end=\"2147\">Lucky Peru Tour<\/strong> tomamos medidas razonables para proteger su informaci\u00f3n personal contra p\u00e9rdida, uso indebido o acceso no autorizado. Sin embargo, ning\u00fan sistema de transmisi\u00f3n o almacenamiento electr\u00f3nico es completamente seguro, por lo que no podemos garantizar seguridad absoluta. <\/p>\n<h2 data-section-id=\"1spg0tr\" data-start=\"2419\" data-end=\"2456\">5. Cookies y tecnolog\u00edas similares<\/h2>\n<p data-start=\"2458\" data-end=\"2741\">Our website may use cookies and similar technologies to enhance your browsing experience, analyze traffic, and personalize content and offers. You can configure your browser to reject cookies, but some site features may not be available. <\/p>\n<h2 data-section-id=\"1oa1oc8\" data-start=\"2743\" data-end=\"2773\">6. Derechos de los usuarios<\/h2>\n<p data-start=\"2775\" data-end=\"2799\">You have the right to:<\/p>\n<ul data-start=\"2801\" data-end=\"3000\">\n<li data-section-id=\"1tr3hzy\" data-start=\"2801\" data-end=\"2859\">Access, update, or correct your personal information<\/li>\n<li data-section-id=\"1spw7su\" data-start=\"2860\" data-end=\"2946\">Request the deletion of your data, within the limits permitted by law.<\/li>\n<li data-section-id=\"rt726c\" data-start=\"2947\" data-end=\"3000\">Opt out of our marketing communications<\/li>\n<\/ul>\n<p data-start=\"3002\" data-end=\"3111\">To exercise these rights, you can contact us through the means indicated in the contact section.<\/p>\n<h2 data-section-id=\"z2gzy7\" data-start=\"3113\" data-end=\"3147\">7. Links to third-party sites<\/h2>\n<p data-start=\"3149\" data-end=\"3392\">Our website may contain links to third-party websites. Lucky Peru Tour is not responsible for the privacy policies or content of those sites. We recommend reviewing the privacy policies of each site you visit. <\/p>\n<h2 data-section-id=\"1oo7yfu\" data-start=\"3394\" data-end=\"3436\">8. Changes to the privacy policy<\/h2>\n<p data-start=\"3438\" data-end=\"3667\">We may update this Privacy Policy at any time. Changes will be posted on this page and will take effect immediately upon posting. We recommend that you review this section periodically.  <\/p>\t\t\t\t\t\t\t\t<\/div>\n\t\t\t\t\t<\/div>\n\t\t\t\t<\/div>\n\t\t\t\t<\/div>\n\t\t","protected":false},"excerpt":{"rendered":"<p>Pol\u00edtica de Privacidad \u2013 Lucky Peru Tour At Lucky Peru Tour, your privacy is very important to us. This Privacy Policy describes how we collect, use, store, and protect your personal information when you use our services, whether through our website, email, telephone, or other means of communication. By using our services, you agree to [&hellip;]<\/p>\n","protected":false},"author":1,"featured_media":0,"parent":0,"menu_order":0,"comment_status":"closed","ping_status":"closed","template":"","meta":{"footnotes":""},"class_list":["post-1991","page","type-page","status-publish","hentry"],"yoast_head":"<!-- This site is optimized with the Yoast SEO Premium plugin v26.8 (Yoast SEO v27.3) - https:\/\/yoast.com\/product\/yoast-seo-premium-wordpress\/ -->\n<title>Privacy Policy<\/title>\n<meta name=\"description\" content=\"Consulta c\u00f3mo protegemos tus datos personales y tu informaci\u00f3n durante tu visita y reservas en Lucky peru tour.\" \/>\n<meta name=\"robots\" content=\"index, follow, max-snippet:-1, max-image-preview:large, max-video-preview:-1\" \/>\n<link rel=\"canonical\" href=\"https:\/\/luckyperutour.com\/en\/privacy-policy\/\" \/>\n<meta property=\"og:locale\" content=\"en_US\" \/>\n<meta property=\"og:type\" content=\"article\" \/>\n<meta property=\"og:title\" content=\"Privacy Policy\" \/>\n<meta property=\"og:description\" content=\"Consulta c\u00f3mo protegemos tus datos personales y tu informaci\u00f3n durante tu visita y reservas en Lucky peru tour.\" \/>\n<meta property=\"og:url\" content=\"https:\/\/luckyperutour.com\/en\/privacy-policy\/\" \/>\n<meta property=\"og:site_name\" content=\"Lucky Peru Tour\" \/>\n<meta property=\"article:publisher\" content=\"https:\/\/www.facebook.com\/LuckyPeruTourOficial\/\" \/>\n<meta property=\"article:modified_time\" content=\"2026-04-22T00:01:25+00:00\" \/>\n<meta name=\"twitter:card\" content=\"summary_large_image\" \/>\n<meta name=\"twitter:label1\" content=\"Est. reading time\" \/>\n\t<meta name=\"twitter:data1\" content=\"2 minutes\" \/>\n<script type=\"application\/ld+json\" class=\"yoast-schema-graph\">{\"@context\":\"https:\\\/\\\/schema.org\",\"@graph\":[{\"@type\":\"WebPage\",\"@id\":\"https:\\\/\\\/luckyperutour.com\\\/en\\\/privacy-policy\\\/\",\"url\":\"https:\\\/\\\/luckyperutour.com\\\/en\\\/privacy-policy\\\/\",\"name\":\"Privacy Policy\",\"isPartOf\":{\"@id\":\"https:\\\/\\\/luckyperutour.com\\\/#website\"},\"datePublished\":\"2025-11-15T14:17:24+00:00\",\"dateModified\":\"2026-04-22T00:01:25+00:00\",\"description\":\"Consulta c\u00f3mo protegemos tus datos personales y tu informaci\u00f3n durante tu visita y reservas en Lucky peru tour.\",\"breadcrumb\":{\"@id\":\"https:\\\/\\\/luckyperutour.com\\\/en\\\/privacy-policy\\\/#breadcrumb\"},\"inLanguage\":\"en-US\",\"potentialAction\":[{\"@type\":\"ReadAction\",\"target\":[\"https:\\\/\\\/luckyperutour.com\\\/en\\\/privacy-policy\\\/\"]}]},{\"@type\":\"BreadcrumbList\",\"@id\":\"https:\\\/\\\/luckyperutour.com\\\/en\\\/privacy-policy\\\/#breadcrumb\",\"itemListElement\":[{\"@type\":\"ListItem\",\"position\":1,\"name\":\"Portada\",\"item\":\"https:\\\/\\\/luckyperutour.com\\\/\"},{\"@type\":\"ListItem\",\"position\":2,\"name\":\"Privacy Policy\"}]},{\"@type\":\"WebSite\",\"@id\":\"https:\\\/\\\/luckyperutour.com\\\/#website\",\"url\":\"https:\\\/\\\/luckyperutour.com\\\/\",\"name\":\"Lucky Peru Tour\",\"description\":\"Tour Operator in Cusco\",\"publisher\":{\"@id\":\"https:\\\/\\\/luckyperutour.com\\\/#organization\"},\"alternateName\":\"Lucky Peru Tour\",\"potentialAction\":[{\"@type\":\"SearchAction\",\"target\":{\"@type\":\"EntryPoint\",\"urlTemplate\":\"https:\\\/\\\/luckyperutour.com\\\/?s={search_term_string}\"},\"query-input\":{\"@type\":\"PropertyValueSpecification\",\"valueRequired\":true,\"valueName\":\"search_term_string\"}}],\"inLanguage\":\"en-US\"},{\"@type\":\"Organization\",\"@id\":\"https:\\\/\\\/luckyperutour.com\\\/#organization\",\"name\":\"Lucky Peru Tour\",\"alternateName\":\"Lucky Peru Tour\",\"url\":\"https:\\\/\\\/luckyperutour.com\\\/\",\"logo\":{\"@type\":\"ImageObject\",\"inLanguage\":\"en-US\",\"@id\":\"https:\\\/\\\/luckyperutour.com\\\/#\\\/schema\\\/logo\\\/image\\\/\",\"url\":\"http:\\\/\\\/luckyperutour.com\\\/wp-content\\\/uploads\\\/2026\\\/01\\\/favicon-web.webp\",\"contentUrl\":\"http:\\\/\\\/luckyperutour.com\\\/wp-content\\\/uploads\\\/2026\\\/01\\\/favicon-web.webp\",\"width\":690,\"height\":690,\"caption\":\"Lucky Peru Tour\"},\"image\":{\"@id\":\"https:\\\/\\\/luckyperutour.com\\\/#\\\/schema\\\/logo\\\/image\\\/\"},\"sameAs\":[\"https:\\\/\\\/www.facebook.com\\\/LuckyPeruTourOficial\\\/\",\"https:\\\/\\\/www.instagram.com\\\/luckyperutour\\\/\",\"https:\\\/\\\/www.tiktok.com\\\/@luckyperutour\"]}]}<\/script>\n<!-- \/ Yoast SEO Premium plugin. -->","yoast_head_json":{"title":"Privacy Policy","description":"Consulta c\u00f3mo protegemos tus datos personales y tu informaci\u00f3n durante tu visita y reservas en Lucky peru tour.","robots":{"index":"index","follow":"follow","max-snippet":"max-snippet:-1","max-image-preview":"max-image-preview:large","max-video-preview":"max-video-preview:-1"},"canonical":"https:\/\/luckyperutour.com\/en\/privacy-policy\/","og_locale":"en_US","og_type":"article","og_title":"Privacy Policy","og_description":"Consulta c\u00f3mo protegemos tus datos personales y tu informaci\u00f3n durante tu visita y reservas en Lucky peru tour.","og_url":"https:\/\/luckyperutour.com\/en\/privacy-policy\/","og_site_name":"Lucky Peru Tour","article_publisher":"https:\/\/www.facebook.com\/LuckyPeruTourOficial\/","article_modified_time":"2026-04-22T00:01:25+00:00","twitter_card":"summary_large_image","twitter_misc":{"Est. reading time":"2 minutes"},"schema":{"@context":"https:\/\/schema.org","@graph":[{"@type":"WebPage","@id":"https:\/\/luckyperutour.com\/en\/privacy-policy\/","url":"https:\/\/luckyperutour.com\/en\/privacy-policy\/","name":"Privacy Policy","isPartOf":{"@id":"https:\/\/luckyperutour.com\/#website"},"datePublished":"2025-11-15T14:17:24+00:00","dateModified":"2026-04-22T00:01:25+00:00","description":"Consulta c\u00f3mo protegemos tus datos personales y tu informaci\u00f3n durante tu visita y reservas en Lucky peru tour.","breadcrumb":{"@id":"https:\/\/luckyperutour.com\/en\/privacy-policy\/#breadcrumb"},"inLanguage":"en-US","potentialAction":[{"@type":"ReadAction","target":["https:\/\/luckyperutour.com\/en\/privacy-policy\/"]}]},{"@type":"BreadcrumbList","@id":"https:\/\/luckyperutour.com\/en\/privacy-policy\/#breadcrumb","itemListElement":[{"@type":"ListItem","position":1,"name":"Portada","item":"https:\/\/luckyperutour.com\/"},{"@type":"ListItem","position":2,"name":"Privacy Policy"}]},{"@type":"WebSite","@id":"https:\/\/luckyperutour.com\/#website","url":"https:\/\/luckyperutour.com\/","name":"Lucky Peru Tour","description":"Tour Operator in Cusco","publisher":{"@id":"https:\/\/luckyperutour.com\/#organization"},"alternateName":"Lucky Peru Tour","potentialAction":[{"@type":"SearchAction","target":{"@type":"EntryPoint","urlTemplate":"https:\/\/luckyperutour.com\/?s={search_term_string}"},"query-input":{"@type":"PropertyValueSpecification","valueRequired":true,"valueName":"search_term_string"}}],"inLanguage":"en-US"},{"@type":"Organization","@id":"https:\/\/luckyperutour.com\/#organization","name":"Lucky Peru Tour","alternateName":"Lucky Peru Tour","url":"https:\/\/luckyperutour.com\/","logo":{"@type":"ImageObject","inLanguage":"en-US","@id":"https:\/\/luckyperutour.com\/#\/schema\/logo\/image\/","url":"http:\/\/luckyperutour.com\/wp-content\/uploads\/2026\/01\/favicon-web.webp","contentUrl":"http:\/\/luckyperutour.com\/wp-content\/uploads\/2026\/01\/favicon-web.webp","width":690,"height":690,"caption":"Lucky Peru Tour"},"image":{"@id":"https:\/\/luckyperutour.com\/#\/schema\/logo\/image\/"},"sameAs":["https:\/\/www.facebook.com\/LuckyPeruTourOficial\/","https:\/\/www.instagram.com\/luckyperutour\/","https:\/\/www.tiktok.com\/@luckyperutour"]}]}},"_links":{"self":[{"href":"https:\/\/luckyperutour.com\/en\/wp-json\/wp\/v2\/pages\/1991","targetHints":{"allow":["GET"]}}],"collection":[{"href":"https:\/\/luckyperutour.com\/en\/wp-json\/wp\/v2\/pages"}],"about":[{"href":"https:\/\/luckyperutour.com\/en\/wp-json\/wp\/v2\/types\/page"}],"author":[{"embeddable":true,"href":"https:\/\/luckyperutour.com\/en\/wp-json\/wp\/v2\/users\/1"}],"replies":[{"embeddable":true,"href":"https:\/\/luckyperutour.com\/en\/wp-json\/wp\/v2\/comments?post=1991"}],"version-history":[{"count":1,"href":"https:\/\/luckyperutour.com\/en\/wp-json\/wp\/v2\/pages\/1991\/revisions"}],"predecessor-version":[{"id":1992,"href":"https:\/\/luckyperutour.com\/en\/wp-json\/wp\/v2\/pages\/1991\/revisions\/1992"}],"wp:attachment":[{"href":"https:\/\/luckyperutour.com\/en\/wp-json\/wp\/v2\/media?parent=1991"}],"curies":[{"name":"wp","href":"https:\/\/api.w.org\/{rel}","templated":true}]}}