{"id":1555,"date":"2025-11-15T09:22:02","date_gmt":"2025-11-15T14:22:02","guid":{"rendered":"https:\/\/luckyperutour.com\/termos-e-condicoes\/"},"modified":"2026-04-09T18:37:58","modified_gmt":"2026-04-09T23:37:58","slug":"termos-e-condicoes","status":"publish","type":"page","link":"https:\/\/luckyperutour.com\/pt-br\/termos-e-condicoes\/","title":{"rendered":"Termos e Condi\u00e7\u00f5es"},"content":{"rendered":"\t\t<div data-elementor-type=\"wp-page\" data-elementor-id=\"1555\" class=\"elementor elementor-1555 elementor-69\" data-elementor-post-type=\"page\">\n\t\t\t\t<div class=\"elementor-element elementor-element-fbe2571 e-flex e-con-boxed e-con e-parent\" data-id=\"fbe2571\" data-element_type=\"container\" data-e-type=\"container\">\n\t\t\t\t\t<div class=\"e-con-inner\">\n\t\t\t\t<div class=\"elementor-element elementor-element-52b91a9 elementor-widget elementor-widget-text-editor\" data-id=\"52b91a9\" data-element_type=\"widget\" data-e-type=\"widget\" data-widget_type=\"text-editor.default\">\n\t\t\t\t\t\t\t\t\t<header class=\"entry-header\">\n<h1 class=\"entry-title\">T\u00e9rminos &amp; Condi\u00e7\u00e3o<\/h1>\n<\/header>\n<div class=\"entry-content\">\n<h3 id=\"h-lucky-peru-tour-s-a-c\" class=\"wp-block-heading\">LUCKY PERU TOUR S.A.C<\/h3>\n<h3 id=\"h-terminos-y-condiciones\" class=\"wp-block-heading\">T\u00c9RMINOS \u00c9 CONDI\u00c7\u00c3O<\/h3>\n<p>Estimado cliente, antes de reservar qualquer servi\u00e7o com a Lucky Per\u00fa Tour S.A.C., sugerimos que leia atentamente estes termos e condi\u00e7\u00f5es. De acordo com as normas de turismo peruanas, ao reservar um passeio ou trilha com a Lucky Per\u00fa Tour S.A.C., voc\u00ea concorda automaticamente com estas normas, que podem diferir ligeiramente das do seu pa\u00eds de origem. Portanto, sugerimos que leia atentamente os termos e condi\u00e7\u00f5es descritos abaixo. Em caso de d\u00favidas, n\u00e3o hesite em contatar nossa equipe. Ap\u00f3s essa leitura, voc\u00ea estar\u00e1 pronto(a) para formalizar sua reserva conosco.   <\/p>\n<h3 id=\"h-reservas\" class=\"wp-block-heading\">RESERVAS:<\/h3>\n<p>Ap\u00f3s decidir efetuar uma reserva formal com a Lucky Peru Tour S.A.C., voc\u00ea dever\u00e1 preencher o formul\u00e1rio de reserva online em nosso site para o passeio ou trilha que deseja realizar. Solicitamos as seguintes informa\u00e7\u00f5es: Nome completo conforme consta no passaporte (apelidos n\u00e3o s\u00e3o aceitos), n\u00famero do passaporte (caso o n\u00famero do seu passaporte mude ap\u00f3s a reserva, por favor, nos informe), idade, nacionalidade, n\u00famero de telefone, sexo, endere\u00e7o de e-mail, restri\u00e7\u00f5es alimentares, datas de voo, hor\u00e1rio de chegada em Cusco ou em qualquer outra cidade inclu\u00edda no passeio reservado, alergias, restri\u00e7\u00f5es m\u00e9dicas ou qualquer outra informa\u00e7\u00e3o que considere importante nos fornecer. <\/p>\n<h3 id=\"h-reservas-para-el-camino-inca\" class=\"wp-block-heading\">RESERVAS PARA O CAMINHO INCA:<\/h3>\n<p>Ter uma reserva para o caminho Inca, observe o seguinte:<\/p>\n<ul class=\"wp-block-list\">\n<li>Antes de reservar a Trilha Inca, voc\u00ea deve verificar a disponibilidade de vagas para a data em que deseja fazer a trilha.<\/li>\n<li>Depois de escolher a data de in\u00edcio da caminhada, voc\u00ea n\u00e3o poder\u00e1 alter\u00e1-la.<\/li>\n<li>As autoriza\u00e7\u00f5es para o caminho Inca n\u00e3o s\u00e3o transfer\u00edveis para outras pessoas.<\/li>\n<li>Para reservar el Camino Inca debe enviarnos una copia o una foto de los pasaportes de cada miembro de su grupo.<\/li>\n<li>Voc\u00ea deve nos enviar um passaporte v\u00e1lido para a data de in\u00edcio da sua caminhada.<\/li>\n<\/ul>\n<h3 id=\"h-deposito-inicial\" class=\"wp-block-heading\">DEP\u00d3SITO INICIAL:<\/h3>\n<p>Para efetuar uma reserva formal de qualquer programa, roteiro ou excurs\u00e3o com a Lucky Peru Tour S.a.c., \u00e9 necess\u00e1rio enviar um dep\u00f3sito conforme indicado abaixo:<\/p>\n<ul class=\"wp-block-list\">\n<li>Para qualquer trilha inca at\u00e9 Machu Picchu, o pre\u00e7o \u00e9 de 200 d\u00f3lares americanos por pessoa.<\/li>\n<li>Para qualquer trilha alternativa, o custo \u00e9 de 200 d\u00f3lares americanos por pessoa.<\/li>\n<li>Para qualquer Trilha Inca at\u00e9 Machu Picchu + Huaynapicchu ou Montanha Machupicchu = $270 d\u00f3lares americanos por pessoa.<\/li>\n<li>Para qualquer excurs\u00e3o \u00e0 selva amaz\u00f4nica, o custo \u00e9 de 200 d\u00f3lares americanos por pessoa.<\/li>\n<li>Para qualquer pacote no Peru, o valor ser\u00e1 de 40% do pre\u00e7o total do pacote.<\/li>\n<li>Para qualquer outro tour = US$ 200 por pessoa.<\/li>\n<\/ul>\n<p>ATEN\u00c7\u00c3O: Todos os dep\u00f3sitos para formalizar uma excurs\u00e3o, caminhada ou programa n\u00e3o s\u00e3o reembols\u00e1veis \u200b\u200bnem transfer\u00edveis para outra pessoa em nenhuma circunst\u00e2ncia.<\/p>\n<h3 id=\"h-metodos-de-pago\" class=\"wp-block-heading\">M\u00c9TODOS DE PAGO:<\/h3>\n<p>Estimado Cliente, a Lucky Peru Tour oferece 4 m\u00e9todos de pagamento para que voc\u00ea efetue o dep\u00f3sito inicial ou pague o restante do valor total da excurs\u00e3o, trilha ou programa reservado. Esses m\u00e9todos est\u00e3o detalhados abaixo:<\/p>\n<h4 id=\"h-ver-todas-las-formas-de-pago\" class=\"wp-block-heading\">VER TODAS AS FORMAS DE PAGO<\/h4>\n<h3 id=\"h-el-pago-final\" class=\"wp-block-heading\">PAGO FINAL:<\/h3>\n<p>Voc\u00ea pode efetuar o pagamento final at\u00e9 15 dias antes da data de in\u00edcio do seu passeio, trilha ou programa. Voc\u00ea pode usar um dos quatro m\u00e9todos de pagamento descritos acima. Voc\u00ea tamb\u00e9m pode efetuar o pagamento final at\u00e9 5 dias antes da data de in\u00edcio, aqui em Cusco. Este pagamento pode ser feito em dinheiro, cart\u00e3o de cr\u00e9dito ou d\u00e9bito.<\/p>\n<p>Observa\u00e7\u00e3o: Ap\u00f3s efetuar o pagamento final do pre\u00e7o total, caso decida cancelar sua excurs\u00e3o, caminhada ou programa por qualquer motivo, voc\u00ea receber\u00e1 apenas 50% do reembolso final.<\/p>\n<h3 id=\"h-cancelaciones\" class=\"wp-block-heading\">CANCELAMENTO:<\/h3>\n<p>A qualquer momento, o cliente\/comprador pode cancelar os servi\u00e7os solicitados ou contratados sem direito a reembolso do dep\u00f3sito pago. O cliente ter\u00e1 direito a um reembolso de apenas 50% caso j\u00e1 tenha efetuado o pagamento integral do valor total. Em nossa experi\u00eancia, uma certa porcentagem das reservas \u00e9 cancelada pelo cliente antes do in\u00edcio do programa devido a circunst\u00e2ncias imprevistas. As penalidades por cancelamento est\u00e3o detalhadas abaixo.   <\/p>\n<p>Para a Trilha Inca Cl\u00e1ssica: Devido \u00e0s normas rigorosas da Trilha Inca, caso voc\u00ea ou algu\u00e9m do seu grupo deseje cancelar a reserva, ser\u00e1 cobrada uma multa de 60% do valor total. Por exemplo, o custo da Trilha Inca para duas pessoas \u00e9 de US$ 650 por pessoa, portanto, 60% = US$ 390. Se voc\u00ea tiver pago um dep\u00f3sito de US$ 200, a multa ser\u00e1 de US$ 390 &#8211; US$ 200 = US$ 190. <\/p>\n<p>Para a Trilha Inca de 2 dias e 1 noite: Devido \u00e0s rigorosas normas da Trilha Inca, caso voc\u00ea ou algu\u00e9m do seu grupo deseje cancelar a reserva, ser\u00e1 cobrada uma multa de 60% do valor total. Por exemplo, o custo da Trilha Inca de 2 dias e 1 noite para 2 pessoas \u00e9 de US$ 500 por pessoa, portanto, 60% = US$ 300. Se voc\u00ea j\u00e1 tiver pago um dep\u00f3sito de US$ 200, a multa ser\u00e1 de US$ 300 &#8211; US$ 200 = US$ 100. <\/p>\n<p>Para a Trilha Inca Cl\u00e1ssica: Para trilhas alternativas: Se voc\u00ea ou algu\u00e9m do seu grupo desejar cancelar qualquer trilha alternativa, ser\u00e1 cobrada uma multa de 50% do valor total. Por exemplo, o custo da Trilha Salkantay para 2 pessoas \u00e9 de US$ 450 por pessoa, portanto, 50% = US$ 225. Se voc\u00ea j\u00e1 tiver pago um dep\u00f3sito de US$ 150, a multa ser\u00e1 de US$ 225 &#8211; US$ 150 = US$ 75. <\/p>\n<p>Para pacotes para o Peru: Se voc\u00ea ou algu\u00e9m do seu grupo desejar cancelar um pacote para o Peru, ser\u00e1 cobrada uma multa de 50% do valor total. Por exemplo, se um pacote para o Peru para 2 pessoas custa US$ 1.500 por pessoa, ent\u00e3o 50% = US$ 750. Se voc\u00ea j\u00e1 tiver pago um dep\u00f3sito de 40% do valor total, neste caso US$ 600, a multa ser\u00e1 de US$ 750 &#8211; US$ 600 = US$ 150. <\/p>\n<p>Para qualquer outro passeio ou programa: Se voc\u00ea ou algu\u00e9m do seu grupo desejar cancelar qualquer outro passeio ou programa, ser\u00e1 cobrada uma multa de 50% do valor total. Por exemplo, o passeio Machu Picchu de trem, com dura\u00e7\u00e3o de 2 dias e 1 noite, para 2 pessoas, custa US$ 480 por pessoa, portanto, 50% = US$ 240. Se voc\u00ea j\u00e1 tiver pago um dep\u00f3sito de US$ 150, a multa ser\u00e1 de US$ 240 &#8211; US$ 150 = US$ 90. <\/p>\n<p>Observa\u00e7\u00e3o: Voc\u00ea tem at\u00e9 15 dias antes da data de in\u00edcio da sua excurs\u00e3o para efetuar qualquer um dos cancelamentos mencionados acima. Ap\u00f3s 15 dias, caso deseje cancelar sua excurs\u00e3o, ser\u00e1 necess\u00e1rio pagar o valor integral da excurs\u00e3o, trilha ou programa reservado e n\u00e3o ter\u00e1 direito a nenhum reembolso. Al\u00e9m disso, se algu\u00e9m do seu grupo decidir cancelar qualquer excurs\u00e3o ou trilha, essa pessoa dever\u00e1 pagar o valor integral da excurs\u00e3o ou trilha. Caso contr\u00e1rio, os demais membros do grupo ser\u00e3o obrigados a pagar o valor integral da trilha referente \u00e0 pessoa que cancelou, se desejarem continuar. Do contr\u00e1rio, a excurs\u00e3o ou trilha ser\u00e1 cancelada.   <\/p>\n<h3 id=\"h-fuerza-mayor\" class=\"wp-block-heading\">FOR\u00c7\u00c3A MAIOR<\/h3>\n<p>Reteremos o valor total e a Lucky Per\u00fa Tour S.a.c. n\u00e3o se responsabiliza pelo n\u00e3o comparecimento do cliente devido a atrasos ou cancelamentos de voos. A empresa n\u00e3o se responsabiliza por danos ou extravio de bagagem, acidentes, despesas imprevistas e atrasos inevit\u00e1veis, servi\u00e7os prestados por terceiros ou causas diretas fora do nosso controle. No caso infeliz de n\u00e3o comparecimento devido a circunst\u00e2ncias imprevistas, a empresa fornecer\u00e1 ao cliente um certificado para que ele possa acionar sua seguradora. Isso inclui qualquer evento que a Lucky Per\u00fa Tour S.a.c. n\u00e3o possa, mesmo com o m\u00e1ximo cuidado, prever ou evitar. Isso abrange eventos como guerra ou amea\u00e7a de guerra, tumultos, agita\u00e7\u00e3o civil, atividades terroristas, greves, doen\u00e7as, pandemias, desastres naturais, condi\u00e7\u00f5es clim\u00e1ticas adversas, inc\u00eandios ou todos os eventos similares fora do nosso controle. Nesse caso, a Lucky Per\u00fa Tour S.a.c. n\u00e3o se responsabilizar\u00e1 e reserva-se o direito de alterar, adiar ou mesmo cancelar as viagens (este \u00e9, obviamente, o \u00faltimo recurso!).     <\/p>\n<h3 id=\"h-riesgos-asociados-con-nuestros-tours-caminata-o-programas\" class=\"wp-block-heading\">RISCOS ASSOCIADOS AOS NOSSOS PASSEIOS, TRILHAS OU PROGRAMAS<\/h3>\n<p>Ao reservar qualquer um de nossos passeios, trilhas ou programas (Trilha Inca para Machu Picchu, Trilha Salkantay, Trilha Ausangate, Trilha Choquequirao, Trilha Lares, Excurs\u00f5es na Selva de Manu e outros), voc\u00ea assume todos os riscos associados a esses passeios, trilhas ou programas. A Local Trekkers Peru Company n\u00e3o se responsabiliza por quaisquer riscos associados a esses passeios, trilhas ou programas (acidentes, greves, terremotos, condi\u00e7\u00f5es clim\u00e1ticas, problemas de seguran\u00e7a, fatores pol\u00edticos, recusa de permiss\u00f5es de entrada, problemas de sa\u00fade, entre outros). Al\u00e9m disso, a Tocapus Cusco Trek S.A.C. se isenta de responsabilidade em rela\u00e7\u00e3o a quest\u00f5es legais ou outros inconvenientes nos quais o cliente possa estar envolvido, bem como quaisquer despesas pessoais incorridas pelo passageiro como resultado. <\/p>\n<h3 class=\"wp-block-heading\">PRE\u00c7OS \u00c9 TARIFAS<\/h3>\n<p>Todos os pre\u00e7os e tarifas exibidos ao cliente\/comprador em nosso site est\u00e3o sujeitos a altera\u00e7\u00f5es, disponibilidade e validade sem aviso pr\u00e9vio. Restri\u00e7\u00f5es e condi\u00e7\u00f5es se aplicam a cada tarifa publicada, de acordo com sua validade. <\/p>\n<h3 class=\"wp-block-heading\">RESPONSABILIDADES DO CLIENTE O COMPRADOR<\/h3>\n<p>Responsabilidades e representa\u00e7\u00f5es do cliente:<\/p>\n<p>a) Verifique se o seu passaporte tem a validade m\u00ednima exigida para a sua viagem, de acordo com o pa\u00eds de destino.<\/p>\n<p>b) O Cliente declara que n\u00e3o possui qualquer restri\u00e7\u00e3o para deixar o pa\u00eds devido a infra\u00e7\u00f5es penais, em conformidade com as disposi\u00e7\u00f5es da legisla\u00e7\u00e3o peruana.<\/p>\n<p>c) Declaro que fui informado e que recebi, compreendi e aceitei todos os termos, condi\u00e7\u00f5es e restri\u00e7\u00f5es relativos aos servi\u00e7os e produtos fornecidos pela Tocapus Cusco Trek S.a.c.<\/p>\n<p>d) Aceitar integralmente estes termos e condi\u00e7\u00f5es.<\/p>\n<h3 class=\"wp-block-heading\">RESPONSABILIDADES DOS TREKKERS LOCAL DO PER\u00da<\/h3>\n<p>A Lucky Per\u00fa Tour S.A.C. \u00e9 respons\u00e1vel por cumprir todos os termos e condi\u00e7\u00f5es de nossos passeios, caminhadas, programas e pacotes de viagem, conforme descrito em nosso site, e por fornecer todas as informa\u00e7\u00f5es solicitadas pelo cliente. Em caso de for\u00e7a maior, a Local Trekkers Per\u00fa far\u00e1 todo o poss\u00edvel para ajudar nossos clientes a resolver quaisquer problemas. <\/p>\n<h3 class=\"wp-block-heading\">ESTES TERMOS E CONDI\u00c7\u00d5ES<\/h3>\n<p>A Lucky Per\u00fa Tour S.a.c. reserva-se o direito de alterar ou modificar estes termos e condi\u00e7\u00f5es a qualquer momento e sem aviso pr\u00e9vio.<\/p>\n<p>Li e concordo com os termos e condi\u00e7\u00f5es.<\/p>\n<\/div>\t\t\t\t\t\t\t\t<\/div>\n\t\t\t\t\t<\/div>\n\t\t\t\t<\/div>\n\t\t\t\t<\/div>\n\t\t","protected":false},"excerpt":{"rendered":"<p>T\u00e9rminos &amp; Condi\u00e7\u00e3o LUCKY PERU TOUR S.A.C T\u00c9RMINOS \u00c9 CONDI\u00c7\u00c3O Estimado cliente, antes de reservar qualquer servi\u00e7o com a Lucky Per\u00fa Tour S.A.C., sugerimos que leia atentamente estes termos e condi\u00e7\u00f5es. De acordo com as normas de turismo peruanas, ao reservar um passeio ou trilha com a Lucky Per\u00fa Tour S.A.C., voc\u00ea concorda automaticamente com [&hellip;]<\/p>\n","protected":false},"author":1,"featured_media":0,"parent":0,"menu_order":0,"comment_status":"closed","ping_status":"closed","template":"","meta":{"footnotes":""},"class_list":["post-1555","page","type-page","status-publish","hentry"],"yoast_head":"<!-- This site is optimized with the Yoast SEO Premium plugin v26.8 (Yoast SEO v27.3) - https:\/\/yoast.com\/product\/yoast-seo-premium-wordpress\/ -->\n<title>Termos e Condi\u00e7\u00f5es<\/title>\n<meta name=\"description\" content=\"Consulte as pol\u00edticas de reserva, pagamento e cancelamento, bem como as condi\u00e7\u00f5es gerais dos nossos servi\u00e7os tur\u00edsticos.\" \/>\n<meta name=\"robots\" content=\"index, follow, max-snippet:-1, max-image-preview:large, max-video-preview:-1\" \/>\n<link rel=\"canonical\" href=\"https:\/\/luckyperutour.com\/pt-br\/termos-e-condicoes\/\" \/>\n<meta property=\"og:locale\" content=\"pt_BR\" \/>\n<meta property=\"og:type\" content=\"article\" \/>\n<meta property=\"og:title\" content=\"Termos e Condi\u00e7\u00f5es\" \/>\n<meta property=\"og:description\" content=\"Consulte as pol\u00edticas de reserva, pagamento e cancelamento, bem como as condi\u00e7\u00f5es gerais dos nossos servi\u00e7os tur\u00edsticos.\" \/>\n<meta property=\"og:url\" content=\"https:\/\/luckyperutour.com\/pt-br\/termos-e-condicoes\/\" \/>\n<meta property=\"og:site_name\" content=\"Lucky Peru Tour\" \/>\n<meta property=\"article:publisher\" content=\"https:\/\/www.facebook.com\/LuckyPeruTourOficial\/\" \/>\n<meta property=\"article:modified_time\" content=\"2026-04-09T23:37:58+00:00\" \/>\n<meta name=\"twitter:card\" content=\"summary_large_image\" \/>\n<meta name=\"twitter:label1\" content=\"Est. tempo de leitura\" \/>\n\t<meta name=\"twitter:data1\" content=\"9 minutos\" \/>\n<script type=\"application\/ld+json\" class=\"yoast-schema-graph\">{\"@context\":\"https:\\\/\\\/schema.org\",\"@graph\":[{\"@type\":\"WebPage\",\"@id\":\"https:\\\/\\\/luckyperutour.com\\\/pt-br\\\/termos-e-condicoes\\\/\",\"url\":\"https:\\\/\\\/luckyperutour.com\\\/pt-br\\\/termos-e-condicoes\\\/\",\"name\":\"Termos e Condi\u00e7\u00f5es\",\"isPartOf\":{\"@id\":\"https:\\\/\\\/luckyperutour.com\\\/#website\"},\"datePublished\":\"2025-11-15T14:22:02+00:00\",\"dateModified\":\"2026-04-09T23:37:58+00:00\",\"description\":\"Consulte as pol\u00edticas de reserva, pagamento e cancelamento, bem como as condi\u00e7\u00f5es gerais dos nossos servi\u00e7os tur\u00edsticos.\",\"breadcrumb\":{\"@id\":\"https:\\\/\\\/luckyperutour.com\\\/pt-br\\\/termos-e-condicoes\\\/#breadcrumb\"},\"inLanguage\":\"pt-BR\",\"potentialAction\":[{\"@type\":\"ReadAction\",\"target\":[\"https:\\\/\\\/luckyperutour.com\\\/pt-br\\\/termos-e-condicoes\\\/\"]}]},{\"@type\":\"BreadcrumbList\",\"@id\":\"https:\\\/\\\/luckyperutour.com\\\/pt-br\\\/termos-e-condicoes\\\/#breadcrumb\",\"itemListElement\":[{\"@type\":\"ListItem\",\"position\":1,\"name\":\"Portada\",\"item\":\"https:\\\/\\\/luckyperutour.com\\\/\"},{\"@type\":\"ListItem\",\"position\":2,\"name\":\"Termos e Condi\u00e7\u00f5es\"}]},{\"@type\":\"WebSite\",\"@id\":\"https:\\\/\\\/luckyperutour.com\\\/#website\",\"url\":\"https:\\\/\\\/luckyperutour.com\\\/\",\"name\":\"Lucky Peru Tour\",\"description\":\"Tour Operator in Cusco\",\"publisher\":{\"@id\":\"https:\\\/\\\/luckyperutour.com\\\/#organization\"},\"alternateName\":\"Lucky Peru Tour\",\"potentialAction\":[{\"@type\":\"SearchAction\",\"target\":{\"@type\":\"EntryPoint\",\"urlTemplate\":\"https:\\\/\\\/luckyperutour.com\\\/?s={search_term_string}\"},\"query-input\":{\"@type\":\"PropertyValueSpecification\",\"valueRequired\":true,\"valueName\":\"search_term_string\"}}],\"inLanguage\":\"pt-BR\"},{\"@type\":\"Organization\",\"@id\":\"https:\\\/\\\/luckyperutour.com\\\/#organization\",\"name\":\"Lucky Peru Tour\",\"alternateName\":\"Lucky Peru Tour\",\"url\":\"https:\\\/\\\/luckyperutour.com\\\/\",\"logo\":{\"@type\":\"ImageObject\",\"inLanguage\":\"pt-BR\",\"@id\":\"https:\\\/\\\/luckyperutour.com\\\/#\\\/schema\\\/logo\\\/image\\\/\",\"url\":\"http:\\\/\\\/luckyperutour.com\\\/wp-content\\\/uploads\\\/2026\\\/01\\\/favicon-web.webp\",\"contentUrl\":\"http:\\\/\\\/luckyperutour.com\\\/wp-content\\\/uploads\\\/2026\\\/01\\\/favicon-web.webp\",\"width\":690,\"height\":690,\"caption\":\"Lucky Peru Tour\"},\"image\":{\"@id\":\"https:\\\/\\\/luckyperutour.com\\\/#\\\/schema\\\/logo\\\/image\\\/\"},\"sameAs\":[\"https:\\\/\\\/www.facebook.com\\\/LuckyPeruTourOficial\\\/\",\"https:\\\/\\\/www.instagram.com\\\/luckyperutour\\\/\",\"https:\\\/\\\/www.tiktok.com\\\/@luckyperutour\"]}]}<\/script>\n<!-- \/ Yoast SEO Premium plugin. -->","yoast_head_json":{"title":"Termos e Condi\u00e7\u00f5es","description":"Consulte as pol\u00edticas de reserva, pagamento e cancelamento, bem como as condi\u00e7\u00f5es gerais dos nossos servi\u00e7os tur\u00edsticos.","robots":{"index":"index","follow":"follow","max-snippet":"max-snippet:-1","max-image-preview":"max-image-preview:large","max-video-preview":"max-video-preview:-1"},"canonical":"https:\/\/luckyperutour.com\/pt-br\/termos-e-condicoes\/","og_locale":"pt_BR","og_type":"article","og_title":"Termos e Condi\u00e7\u00f5es","og_description":"Consulte as pol\u00edticas de reserva, pagamento e cancelamento, bem como as condi\u00e7\u00f5es gerais dos nossos servi\u00e7os tur\u00edsticos.","og_url":"https:\/\/luckyperutour.com\/pt-br\/termos-e-condicoes\/","og_site_name":"Lucky Peru Tour","article_publisher":"https:\/\/www.facebook.com\/LuckyPeruTourOficial\/","article_modified_time":"2026-04-09T23:37:58+00:00","twitter_card":"summary_large_image","twitter_misc":{"Est. tempo de leitura":"9 minutos"},"schema":{"@context":"https:\/\/schema.org","@graph":[{"@type":"WebPage","@id":"https:\/\/luckyperutour.com\/pt-br\/termos-e-condicoes\/","url":"https:\/\/luckyperutour.com\/pt-br\/termos-e-condicoes\/","name":"Termos e Condi\u00e7\u00f5es","isPartOf":{"@id":"https:\/\/luckyperutour.com\/#website"},"datePublished":"2025-11-15T14:22:02+00:00","dateModified":"2026-04-09T23:37:58+00:00","description":"Consulte as pol\u00edticas de reserva, pagamento e cancelamento, bem como as condi\u00e7\u00f5es gerais dos nossos servi\u00e7os tur\u00edsticos.","breadcrumb":{"@id":"https:\/\/luckyperutour.com\/pt-br\/termos-e-condicoes\/#breadcrumb"},"inLanguage":"pt-BR","potentialAction":[{"@type":"ReadAction","target":["https:\/\/luckyperutour.com\/pt-br\/termos-e-condicoes\/"]}]},{"@type":"BreadcrumbList","@id":"https:\/\/luckyperutour.com\/pt-br\/termos-e-condicoes\/#breadcrumb","itemListElement":[{"@type":"ListItem","position":1,"name":"Portada","item":"https:\/\/luckyperutour.com\/"},{"@type":"ListItem","position":2,"name":"Termos e Condi\u00e7\u00f5es"}]},{"@type":"WebSite","@id":"https:\/\/luckyperutour.com\/#website","url":"https:\/\/luckyperutour.com\/","name":"Lucky Peru Tour","description":"Tour Operator in Cusco","publisher":{"@id":"https:\/\/luckyperutour.com\/#organization"},"alternateName":"Lucky Peru Tour","potentialAction":[{"@type":"SearchAction","target":{"@type":"EntryPoint","urlTemplate":"https:\/\/luckyperutour.com\/?s={search_term_string}"},"query-input":{"@type":"PropertyValueSpecification","valueRequired":true,"valueName":"search_term_string"}}],"inLanguage":"pt-BR"},{"@type":"Organization","@id":"https:\/\/luckyperutour.com\/#organization","name":"Lucky Peru Tour","alternateName":"Lucky Peru Tour","url":"https:\/\/luckyperutour.com\/","logo":{"@type":"ImageObject","inLanguage":"pt-BR","@id":"https:\/\/luckyperutour.com\/#\/schema\/logo\/image\/","url":"http:\/\/luckyperutour.com\/wp-content\/uploads\/2026\/01\/favicon-web.webp","contentUrl":"http:\/\/luckyperutour.com\/wp-content\/uploads\/2026\/01\/favicon-web.webp","width":690,"height":690,"caption":"Lucky Peru Tour"},"image":{"@id":"https:\/\/luckyperutour.com\/#\/schema\/logo\/image\/"},"sameAs":["https:\/\/www.facebook.com\/LuckyPeruTourOficial\/","https:\/\/www.instagram.com\/luckyperutour\/","https:\/\/www.tiktok.com\/@luckyperutour"]}]}},"_links":{"self":[{"href":"https:\/\/luckyperutour.com\/pt-br\/wp-json\/wp\/v2\/pages\/1555","targetHints":{"allow":["GET"]}}],"collection":[{"href":"https:\/\/luckyperutour.com\/pt-br\/wp-json\/wp\/v2\/pages"}],"about":[{"href":"https:\/\/luckyperutour.com\/pt-br\/wp-json\/wp\/v2\/types\/page"}],"author":[{"embeddable":true,"href":"https:\/\/luckyperutour.com\/pt-br\/wp-json\/wp\/v2\/users\/1"}],"replies":[{"embeddable":true,"href":"https:\/\/luckyperutour.com\/pt-br\/wp-json\/wp\/v2\/comments?post=1555"}],"version-history":[{"count":1,"href":"https:\/\/luckyperutour.com\/pt-br\/wp-json\/wp\/v2\/pages\/1555\/revisions"}],"predecessor-version":[{"id":1556,"href":"https:\/\/luckyperutour.com\/pt-br\/wp-json\/wp\/v2\/pages\/1555\/revisions\/1556"}],"wp:attachment":[{"href":"https:\/\/luckyperutour.com\/pt-br\/wp-json\/wp\/v2\/media?parent=1555"}],"curies":[{"name":"wp","href":"https:\/\/api.w.org\/{rel}","templated":true}]}}