{"id":1664,"date":"2025-11-15T09:17:24","date_gmt":"2025-11-15T14:17:24","guid":{"rendered":"https:\/\/luckyperutour.com\/politica-de-privacidade\/"},"modified":"2026-04-11T11:07:04","modified_gmt":"2026-04-11T16:07:04","slug":"politica-de-privacidade","status":"publish","type":"page","link":"https:\/\/luckyperutour.com\/pt-br\/politica-de-privacidade\/","title":{"rendered":"pol\u00edtica de Privacidade"},"content":{"rendered":"\t\t<div data-elementor-type=\"wp-page\" data-elementor-id=\"1664\" class=\"elementor elementor-1664 elementor-59\" data-elementor-post-type=\"page\">\n\t\t\t\t<div class=\"elementor-element elementor-element-7feb7e4 e-flex e-con-boxed e-con e-parent\" data-id=\"7feb7e4\" data-element_type=\"container\" data-e-type=\"container\">\n\t\t\t\t\t<div class=\"e-con-inner\">\n\t\t\t\t<div class=\"elementor-element elementor-element-e499ca5 elementor-widget elementor-widget-text-editor\" data-id=\"e499ca5\" data-element_type=\"widget\" data-e-type=\"widget\" data-widget_type=\"text-editor.default\">\n\t\t\t\t\t\t\t\t\t<h1 data-section-id=\"osu7gk\" data-start=\"184\" data-end=\"226\">Pol\u00edtica de Privacidade \u2013 Lucky Peru Tour<\/h1>\n<p data-start=\"228\" data-end=\"631\">No Lucky Peru Tour, sua privacidade \u00e9 muito importante para n\u00f3s. Esta Pol\u00edtica de Privacidade descreve como coletamos, usamos, armazenamos e protegemos suas informa\u00e7\u00f5es pessoais quando voc\u00ea utiliza nossos servi\u00e7os, seja por meio de nosso site, e-mail, telefone ou outros meios de comunica\u00e7\u00e3o. Ao utilizar nossos servi\u00e7os, voc\u00ea concorda com as pr\u00e1ticas descritas nesta pol\u00edtica.  <\/p>\n<h2 data-section-id=\"1kwg2xu\" data-start=\"633\" data-end=\"666\">1. Informa\u00e7\u00e3o que recopilamos<\/h2>\n<p data-start=\"668\" data-end=\"787\">Podemos coletar informa\u00e7\u00f5es pessoais que voc\u00ea nos fornece voluntariamente, incluindo,ma\u00edas<br>no limitado:<\/p>\n<ul data-start=\"789\" data-end=\"1003\">\n<li data-section-id=\"yihpma\" data-start=\"789\" data-end=\"808\">Nome completo<\/li>\n<li data-section-id=\"1huh6s0\" data-start=\"809\" data-end=\"844\">Dire\u00e7\u00e3o do correio electr\u00f3nico<\/li>\n<li data-section-id=\"o8b3f8\" data-start=\"845\" data-end=\"867\">N\u00famero de tel\u00e9fone<\/li>\n<li data-section-id=\"7qkd9y\" data-start=\"868\" data-end=\"936\">Informa\u00e7\u00e3o do pagamento (Cart\u00e3o de credito, transferir bancaria)<\/li>\n<li data-section-id=\"1xd5j02\" data-start=\"937\" data-end=\"1003\">Informa\u00e7\u00e3o da viagem (destinos, data, preferencias do tours)<\/li>\n<\/ul>\n<p data-start=\"1005\" data-end=\"1102\">Al\u00e9m, podemos recopilar autom\u00e1ticamente certos datos da sua visita no nosso sitio web, como:<\/p>\n<ul data-start=\"1104\" data-end=\"1266\">\n<li data-section-id=\"1j41z3z\" data-start=\"1104\" data-end=\"1120\">Dire\u00e7\u00e3o IP<\/li>\n<li data-section-id=\"c1o65k\" data-start=\"1121\" data-end=\"1162\">Tipo de navegador o sistema opecional<\/li>\n<li data-section-id=\"3tnzjx\" data-start=\"1163\" data-end=\"1208\">P\u00e1ginas visitadas \u00e9 dura\u00e7\u00e3o da visita<\/li>\n<li data-section-id=\"vtas1l\" data-start=\"1209\" data-end=\"1266\">Refer\u00eancias e links que o levaram ao nosso site.<\/li>\n<\/ul>\n<h2 data-section-id=\"1ti2vv\" data-start=\"1268\" data-end=\"1295\">2. Uso da informa\u00e7\u00e3o<\/h2>\n<p data-start=\"1297\" data-end=\"1346\">As informa\u00e7\u00f5es que coletamos s\u00e3o usadas para:<\/p>\n<ul data-start=\"1348\" data-end=\"1674\">\n<li data-section-id=\"8v041h\" data-start=\"1348\" data-end=\"1393\">Processar e gerenciar suas reservas e pagamentos<\/li>\n<li data-section-id=\"153867c\" data-start=\"1394\" data-end=\"1449\">Oferecer atendimento e suporte personalizados ao cliente.<\/li>\n<li data-section-id=\"162hhlw\" data-start=\"1450\" data-end=\"1555\">Envio de confirma\u00e7\u00f5es, atualiza\u00e7\u00f5es de viagem e comunica\u00e7\u00f5es relacionadas aos nossos servi\u00e7os.<\/li>\n<li data-section-id=\"fj4t6p\" data-start=\"1556\" data-end=\"1611\">Melhorar nossos servi\u00e7os, site e promo\u00e7\u00f5es.<\/li>\n<li data-section-id=\"kta1pg\" data-start=\"1612\" data-end=\"1674\">Cumprir as obriga\u00e7\u00f5es legais ou regulamenta\u00e7\u00f5es aplic\u00e1veis.<\/li>\n<\/ul>\n<h2 data-section-id=\"1oiolob\" data-start=\"1676\" data-end=\"1716\">3.Compartilhar informa\u00e7\u00f5es com terceiros<\/h2>\n<p data-start=\"1718\" data-end=\"1860\">N\u00e3o vendemos, alugamos ou trocamos suas informa\u00e7\u00f5es pessoais com terceiros para fins comerciais. Podemos compartilhar suas informa\u00e7\u00f5es com: <\/p>\n<ul data-start=\"1862\" data-end=\"2088\">\n<li data-section-id=\"bat4u4\" data-start=\"1862\" data-end=\"1966\">Prestadores de servi\u00e7os tur\u00edsticos (hot\u00e9is, transporte, guias locais) para concretizar a sua reserva.<\/li>\n<li data-section-id=\"2rj8yd\" data-start=\"1967\" data-end=\"2023\">Autoridades legais, se exigido por lei<\/li>\n<li data-section-id=\"1j7qcdg\" data-start=\"2024\" data-end=\"2088\">Prestadores de servi\u00e7os de pagamento para processar transa\u00e7\u00f5es<\/li>\n<\/ul>\n<h2 data-section-id=\"2nv1ka\" data-start=\"2090\" data-end=\"2123\">4. Seguridade de informa\u00e7\u00e3o<\/h2>\n<p data-start=\"2125\" data-end=\"2417\">No Lucky Peru Tour, tomamos medidas razo\u00e1veis \u200b\u200bpara proteger suas informa\u00e7\u00f5es pessoais contra perda, uso indevido ou acesso n\u00e3o autorizado. No entanto, nenhum sistema de transmiss\u00e3o ou armazenamento eletr\u00f4nico \u00e9 completamente seguro, portanto, n\u00e3o podemos garantir seguran\u00e7a absoluta. <\/p>\n<h2 data-section-id=\"1spg0tr\" data-start=\"2419\" data-end=\"2456\">5. Cookies e tecnologias semelhantes<\/h2>\n<p data-start=\"2458\" data-end=\"2741\">Nosso site pode usar cookies e tecnologias semelhantes para melhorar sua experi\u00eancia de navega\u00e7\u00e3o, analisar o tr\u00e1fego e personalizar conte\u00fado e ofertas. Voc\u00ea pode configurar seu navegador para rejeitar cookies, mas alguns recursos do site podem n\u00e3o estar dispon\u00edveis. <\/p>\n<h2 data-section-id=\"1oa1oc8\" data-start=\"2743\" data-end=\"2773\">6. Direitos do usu\u00e1rio<\/h2>\n<p data-start=\"2775\" data-end=\"2799\">Voc\u00ea tem o direito a:<\/p>\n<ul data-start=\"2801\" data-end=\"3000\">\n<li data-section-id=\"1tr3hzy\" data-start=\"2801\" data-end=\"2859\">Aceda, atualize ou corrija as suas informa\u00e7\u00f5es pessoais.<\/li>\n<li data-section-id=\"1spw7su\" data-start=\"2860\" data-end=\"2946\">Solicite a elimina\u00e7\u00e3o dos seus dados, dentro dos limites permitidos por lei.<\/li>\n<li data-section-id=\"rt726c\" data-start=\"2947\" data-end=\"3000\">Cancelar da nossas comunica\u00e7\u00f5es de marketing<\/li>\n<\/ul>\n<p data-start=\"3002\" data-end=\"3111\">Para exercer esses direitos, voc\u00ea pode entrar em contato conosco atrav\u00e9s dos meios indicados na se\u00e7\u00e3o de contato.<\/p>\n<h2 data-section-id=\"z2gzy7\" data-start=\"3113\" data-end=\"3147\">7. Links para sites de terceiros<\/h2>\n<p data-start=\"3149\" data-end=\"3392\">Nosso site pode conter links para sites de terceiros. A Lucky Peru Tour n\u00e3o se responsabiliza pelas pol\u00edticas de privacidade ou pelo conte\u00fado desses sites. Recomendamos que voc\u00ea revise as pol\u00edticas de privacidade de cada site que visitar. <\/p>\n<h2 data-section-id=\"1oo7yfu\" data-start=\"3394\" data-end=\"3436\">8. Altera\u00e7\u00f5es \u00e0 pol\u00edtica de privacidade<\/h2>\n<p data-start=\"3438\" data-end=\"3667\">Podemos atualizar esta Pol\u00edtica de Privacidade a qualquer momento. As altera\u00e7\u00f5es ser\u00e3o publicadas nesta p\u00e1gina e entrar\u00e3o em vigor imediatamente ap\u00f3s a publica\u00e7\u00e3o. Recomendamos que voc\u00ea revise esta se\u00e7\u00e3o periodicamente.  <\/p>\t\t\t\t\t\t\t\t<\/div>\n\t\t\t\t\t<\/div>\n\t\t\t\t<\/div>\n\t\t\t\t<\/div>\n\t\t","protected":false},"excerpt":{"rendered":"<p>Pol\u00edtica de Privacidade \u2013 Lucky Peru Tour No Lucky Peru Tour, sua privacidade \u00e9 muito importante para n\u00f3s. Esta Pol\u00edtica de Privacidade descreve como coletamos, usamos, armazenamos e protegemos suas informa\u00e7\u00f5es pessoais quando voc\u00ea utiliza nossos servi\u00e7os, seja por meio de nosso site, e-mail, telefone ou outros meios de comunica\u00e7\u00e3o. Ao utilizar nossos servi\u00e7os, voc\u00ea [&hellip;]<\/p>\n","protected":false},"author":1,"featured_media":0,"parent":0,"menu_order":0,"comment_status":"closed","ping_status":"closed","template":"","meta":{"footnotes":""},"class_list":["post-1664","page","type-page","status-publish","hentry"],"yoast_head":"<!-- This site is optimized with the Yoast SEO Premium plugin v26.8 (Yoast SEO v27.3) - https:\/\/yoast.com\/product\/yoast-seo-premium-wordpress\/ -->\n<title>pol\u00edtica de Privacidade<\/title>\n<meta name=\"description\" content=\"Descubra como protegemos seus dados e informa\u00e7\u00f5es pessoais durante sua visita ereservas na Lucky Peru Tour.\" \/>\n<meta name=\"robots\" content=\"index, follow, max-snippet:-1, max-image-preview:large, max-video-preview:-1\" \/>\n<link rel=\"canonical\" href=\"https:\/\/luckyperutour.com\/pt-br\/politica-de-privacidade\/\" \/>\n<meta property=\"og:locale\" content=\"pt_BR\" \/>\n<meta property=\"og:type\" content=\"article\" \/>\n<meta property=\"og:title\" content=\"pol\u00edtica de Privacidade\" \/>\n<meta property=\"og:description\" content=\"Descubra como protegemos seus dados e informa\u00e7\u00f5es pessoais durante sua visita ereservas na Lucky Peru Tour.\" \/>\n<meta property=\"og:url\" content=\"https:\/\/luckyperutour.com\/pt-br\/politica-de-privacidade\/\" \/>\n<meta property=\"og:site_name\" content=\"Lucky Peru Tour\" \/>\n<meta property=\"article:publisher\" content=\"https:\/\/www.facebook.com\/LuckyPeruTourOficial\/\" \/>\n<meta property=\"article:modified_time\" content=\"2026-04-11T16:07:04+00:00\" \/>\n<meta name=\"twitter:card\" content=\"summary_large_image\" \/>\n<meta name=\"twitter:label1\" content=\"Est. tempo de leitura\" \/>\n\t<meta name=\"twitter:data1\" content=\"3 minutos\" \/>\n<script type=\"application\/ld+json\" class=\"yoast-schema-graph\">{\"@context\":\"https:\\\/\\\/schema.org\",\"@graph\":[{\"@type\":\"WebPage\",\"@id\":\"https:\\\/\\\/luckyperutour.com\\\/pt-br\\\/politica-de-privacidade\\\/\",\"url\":\"https:\\\/\\\/luckyperutour.com\\\/pt-br\\\/politica-de-privacidade\\\/\",\"name\":\"pol\u00edtica de Privacidade\",\"isPartOf\":{\"@id\":\"https:\\\/\\\/luckyperutour.com\\\/#website\"},\"datePublished\":\"2025-11-15T14:17:24+00:00\",\"dateModified\":\"2026-04-11T16:07:04+00:00\",\"description\":\"Descubra como protegemos seus dados e informa\u00e7\u00f5es pessoais durante sua visita ereservas na Lucky Peru Tour.\",\"breadcrumb\":{\"@id\":\"https:\\\/\\\/luckyperutour.com\\\/pt-br\\\/politica-de-privacidade\\\/#breadcrumb\"},\"inLanguage\":\"pt-BR\",\"potentialAction\":[{\"@type\":\"ReadAction\",\"target\":[\"https:\\\/\\\/luckyperutour.com\\\/pt-br\\\/politica-de-privacidade\\\/\"]}]},{\"@type\":\"BreadcrumbList\",\"@id\":\"https:\\\/\\\/luckyperutour.com\\\/pt-br\\\/politica-de-privacidade\\\/#breadcrumb\",\"itemListElement\":[{\"@type\":\"ListItem\",\"position\":1,\"name\":\"Portada\",\"item\":\"https:\\\/\\\/luckyperutour.com\\\/\"},{\"@type\":\"ListItem\",\"position\":2,\"name\":\"pol\u00edtica de Privacidade\"}]},{\"@type\":\"WebSite\",\"@id\":\"https:\\\/\\\/luckyperutour.com\\\/#website\",\"url\":\"https:\\\/\\\/luckyperutour.com\\\/\",\"name\":\"Lucky Peru Tour\",\"description\":\"Tour Operator in Cusco\",\"publisher\":{\"@id\":\"https:\\\/\\\/luckyperutour.com\\\/#organization\"},\"alternateName\":\"Lucky Peru Tour\",\"potentialAction\":[{\"@type\":\"SearchAction\",\"target\":{\"@type\":\"EntryPoint\",\"urlTemplate\":\"https:\\\/\\\/luckyperutour.com\\\/?s={search_term_string}\"},\"query-input\":{\"@type\":\"PropertyValueSpecification\",\"valueRequired\":true,\"valueName\":\"search_term_string\"}}],\"inLanguage\":\"pt-BR\"},{\"@type\":\"Organization\",\"@id\":\"https:\\\/\\\/luckyperutour.com\\\/#organization\",\"name\":\"Lucky Peru Tour\",\"alternateName\":\"Lucky Peru Tour\",\"url\":\"https:\\\/\\\/luckyperutour.com\\\/\",\"logo\":{\"@type\":\"ImageObject\",\"inLanguage\":\"pt-BR\",\"@id\":\"https:\\\/\\\/luckyperutour.com\\\/#\\\/schema\\\/logo\\\/image\\\/\",\"url\":\"http:\\\/\\\/luckyperutour.com\\\/wp-content\\\/uploads\\\/2026\\\/01\\\/favicon-web.webp\",\"contentUrl\":\"http:\\\/\\\/luckyperutour.com\\\/wp-content\\\/uploads\\\/2026\\\/01\\\/favicon-web.webp\",\"width\":690,\"height\":690,\"caption\":\"Lucky Peru Tour\"},\"image\":{\"@id\":\"https:\\\/\\\/luckyperutour.com\\\/#\\\/schema\\\/logo\\\/image\\\/\"},\"sameAs\":[\"https:\\\/\\\/www.facebook.com\\\/LuckyPeruTourOficial\\\/\",\"https:\\\/\\\/www.instagram.com\\\/luckyperutour\\\/\",\"https:\\\/\\\/www.tiktok.com\\\/@luckyperutour\"]}]}<\/script>\n<!-- \/ Yoast SEO Premium plugin. -->","yoast_head_json":{"title":"pol\u00edtica de Privacidade","description":"Descubra como protegemos seus dados e informa\u00e7\u00f5es pessoais durante sua visita ereservas na Lucky Peru Tour.","robots":{"index":"index","follow":"follow","max-snippet":"max-snippet:-1","max-image-preview":"max-image-preview:large","max-video-preview":"max-video-preview:-1"},"canonical":"https:\/\/luckyperutour.com\/pt-br\/politica-de-privacidade\/","og_locale":"pt_BR","og_type":"article","og_title":"pol\u00edtica de Privacidade","og_description":"Descubra como protegemos seus dados e informa\u00e7\u00f5es pessoais durante sua visita ereservas na Lucky Peru Tour.","og_url":"https:\/\/luckyperutour.com\/pt-br\/politica-de-privacidade\/","og_site_name":"Lucky Peru Tour","article_publisher":"https:\/\/www.facebook.com\/LuckyPeruTourOficial\/","article_modified_time":"2026-04-11T16:07:04+00:00","twitter_card":"summary_large_image","twitter_misc":{"Est. tempo de leitura":"3 minutos"},"schema":{"@context":"https:\/\/schema.org","@graph":[{"@type":"WebPage","@id":"https:\/\/luckyperutour.com\/pt-br\/politica-de-privacidade\/","url":"https:\/\/luckyperutour.com\/pt-br\/politica-de-privacidade\/","name":"pol\u00edtica de Privacidade","isPartOf":{"@id":"https:\/\/luckyperutour.com\/#website"},"datePublished":"2025-11-15T14:17:24+00:00","dateModified":"2026-04-11T16:07:04+00:00","description":"Descubra como protegemos seus dados e informa\u00e7\u00f5es pessoais durante sua visita ereservas na Lucky Peru Tour.","breadcrumb":{"@id":"https:\/\/luckyperutour.com\/pt-br\/politica-de-privacidade\/#breadcrumb"},"inLanguage":"pt-BR","potentialAction":[{"@type":"ReadAction","target":["https:\/\/luckyperutour.com\/pt-br\/politica-de-privacidade\/"]}]},{"@type":"BreadcrumbList","@id":"https:\/\/luckyperutour.com\/pt-br\/politica-de-privacidade\/#breadcrumb","itemListElement":[{"@type":"ListItem","position":1,"name":"Portada","item":"https:\/\/luckyperutour.com\/"},{"@type":"ListItem","position":2,"name":"pol\u00edtica de Privacidade"}]},{"@type":"WebSite","@id":"https:\/\/luckyperutour.com\/#website","url":"https:\/\/luckyperutour.com\/","name":"Lucky Peru Tour","description":"Tour Operator in Cusco","publisher":{"@id":"https:\/\/luckyperutour.com\/#organization"},"alternateName":"Lucky Peru Tour","potentialAction":[{"@type":"SearchAction","target":{"@type":"EntryPoint","urlTemplate":"https:\/\/luckyperutour.com\/?s={search_term_string}"},"query-input":{"@type":"PropertyValueSpecification","valueRequired":true,"valueName":"search_term_string"}}],"inLanguage":"pt-BR"},{"@type":"Organization","@id":"https:\/\/luckyperutour.com\/#organization","name":"Lucky Peru Tour","alternateName":"Lucky Peru Tour","url":"https:\/\/luckyperutour.com\/","logo":{"@type":"ImageObject","inLanguage":"pt-BR","@id":"https:\/\/luckyperutour.com\/#\/schema\/logo\/image\/","url":"http:\/\/luckyperutour.com\/wp-content\/uploads\/2026\/01\/favicon-web.webp","contentUrl":"http:\/\/luckyperutour.com\/wp-content\/uploads\/2026\/01\/favicon-web.webp","width":690,"height":690,"caption":"Lucky Peru Tour"},"image":{"@id":"https:\/\/luckyperutour.com\/#\/schema\/logo\/image\/"},"sameAs":["https:\/\/www.facebook.com\/LuckyPeruTourOficial\/","https:\/\/www.instagram.com\/luckyperutour\/","https:\/\/www.tiktok.com\/@luckyperutour"]}]}},"_links":{"self":[{"href":"https:\/\/luckyperutour.com\/pt-br\/wp-json\/wp\/v2\/pages\/1664","targetHints":{"allow":["GET"]}}],"collection":[{"href":"https:\/\/luckyperutour.com\/pt-br\/wp-json\/wp\/v2\/pages"}],"about":[{"href":"https:\/\/luckyperutour.com\/pt-br\/wp-json\/wp\/v2\/types\/page"}],"author":[{"embeddable":true,"href":"https:\/\/luckyperutour.com\/pt-br\/wp-json\/wp\/v2\/users\/1"}],"replies":[{"embeddable":true,"href":"https:\/\/luckyperutour.com\/pt-br\/wp-json\/wp\/v2\/comments?post=1664"}],"version-history":[{"count":1,"href":"https:\/\/luckyperutour.com\/pt-br\/wp-json\/wp\/v2\/pages\/1664\/revisions"}],"predecessor-version":[{"id":1665,"href":"https:\/\/luckyperutour.com\/pt-br\/wp-json\/wp\/v2\/pages\/1664\/revisions\/1665"}],"wp:attachment":[{"href":"https:\/\/luckyperutour.com\/pt-br\/wp-json\/wp\/v2\/media?parent=1664"}],"curies":[{"name":"wp","href":"https:\/\/api.w.org\/{rel}","templated":true}]}}