{"id":1761,"date":"2026-01-02T23:36:27","date_gmt":"2026-01-03T04:36:27","guid":{"rendered":"https:\/\/luckyperutour.com\/codigo-de-conduta-da-esnna\/"},"modified":"2026-04-15T15:38:22","modified_gmt":"2026-04-15T20:38:22","slug":"codigo-de-conduta-da-esnna","status":"publish","type":"page","link":"https:\/\/luckyperutour.com\/pt-br\/codigo-de-conduta-da-esnna\/","title":{"rendered":"C\u00f3digo de Conduta da ESNNA"},"content":{"rendered":"\t\t<div data-elementor-type=\"wp-page\" data-elementor-id=\"1761\" class=\"elementor elementor-1761 elementor-803\" data-elementor-post-type=\"page\">\n\t\t\t\t<div class=\"elementor-element elementor-element-e1d8841 e-flex e-con-boxed e-con e-parent\" data-id=\"e1d8841\" data-element_type=\"container\" data-e-type=\"container\" data-settings=\"{&quot;background_background&quot;:&quot;classic&quot;}\">\n\t\t\t\t\t<div class=\"e-con-inner\">\n\t\t\t\t<div class=\"elementor-element elementor-element-1d56723 elementor-widget elementor-widget-heading\" data-id=\"1d56723\" data-element_type=\"widget\" data-e-type=\"widget\" data-widget_type=\"heading.default\">\n\t\t\t\t\t<h1 class=\"elementor-heading-title elementor-size-default\">C\u00d3DIGO DE CONDUCTA ESNNA\n<\/h1>\t\t\t\t<\/div>\n\t\t\t\t\t<\/div>\n\t\t\t\t<\/div>\n\t\t<div class=\"elementor-element elementor-element-3b138bd e-flex e-con-boxed e-con e-parent\" data-id=\"3b138bd\" data-element_type=\"container\" data-e-type=\"container\">\n\t\t\t\t\t<div class=\"e-con-inner\">\n\t\t<div class=\"elementor-element elementor-element-db884f1 e-con-full e-flex e-con e-child\" data-id=\"db884f1\" data-element_type=\"container\" data-e-type=\"container\">\n\t\t\t\t<div class=\"elementor-element elementor-element-29b6dde elementor-widget elementor-widget-text-editor\" data-id=\"29b6dde\" data-element_type=\"widget\" data-e-type=\"widget\" data-widget_type=\"text-editor.default\">\n\t\t\t\t\t\t\t\t\t<div class=\"gdlr-core-pbf-element\"><div class=\"gdlr-core-text-box-item gdlr-core-item-pdlr gdlr-core-item-pdb gdlr-core-left-align\"><div class=\"gdlr-core-text-box-item-content\"><p>Em conformidade com a Lei n\u00ba 28251, o Minist\u00e9rio do Com\u00e9rcio Exterior e Turismo (MINCETUR) estabeleceu uma pol\u00edtica contra a explora\u00e7\u00e3o sexual de crian\u00e7as e adolescentes (ESNNA). Portanto, o C\u00f3digo ESNNA e a LUCKY PER\u00da TOUR E.I.R.L. firmaram um acordo de a\u00e7\u00e3o conjunta para prevenir e erradicar esse problema. Declaramos, por meio deste documento, que: <\/p><ul><li>Rejeitamos a Explora\u00e7\u00e3o Sexual de Crian\u00e7as e Adolescentes (ESNNA) no Peru e em todo o mundo, em geral e particularmente na sua forma associada a viagens e turismo, por se tratar de um comportamento que viola os direitos fundamentais das pessoas, contrariando os objetivos intr\u00ednsecos do turismo em nosso pa\u00eds.<\/li><li>Denunciamos e condenamos aqueles que se aproveitam do turismo e das instala\u00e7\u00f5es e servi\u00e7os que este oferece para promover, facilitar ou tolerar a ocorr\u00eancia de explora\u00e7\u00e3o sexual de meninas, meninos e adolescentes; e em virtude do exposto.<\/li><\/ul><\/div><\/div><\/div><div class=\"gdlr-core-pbf-element\"><div class=\"gdlr-core-icon-list-item gdlr-core-item-pdlr gdlr-core-item-pdb clearfix gdlr-core-left-align gdlr-core-style-1\"> <\/div><\/div><div class=\"gdlr-core-pbf-element\"><div class=\"gdlr-core-text-box-item gdlr-core-item-pdlr gdlr-core-item-pdb gdlr-core-left-align\"><div class=\"gdlr-core-text-box-item-content\"><p>A LUCKY PER\u00da TOUR E.I.R.L. adere a este C\u00f3digo de Conduta contra a Explora\u00e7\u00e3o Sexual de Meninas, Meninos e Adolescentes no setor do Turismo.<\/p><p>Este C\u00f3digo \u00e9 uma declara\u00e7\u00e3o formal de livre ades\u00e3o que visa estabelecer as regras de conduta para todas as pessoas que trabalham na LUCKY PER\u00da TOUR E.I.R.L., com o objetivo de proteger meninas, meninos e adolescentes de todas as formas de explora\u00e7\u00e3o sexual e tr\u00e1fico de pessoas associadas a viagens e turismo.<\/p><p>Al\u00e9m disso, as pessoas que comp\u00f5em esta empresa, a fim de tomar as medidas necess\u00e1rias para proteger meninas, meninos e adolescentes contra a explora\u00e7\u00e3o sexual, comprometem-se a:<\/p><ul><li>Manter uma pol\u00edtica \u00e9tica de rejei\u00e7\u00e3o \u00e0 explora\u00e7\u00e3o sexual comercial de crian\u00e7as e adolescentes no contexto de viagens e turismo.<\/li><li>Informar e treinar os funcion\u00e1rios sobre a pol\u00edtica da empresa relativa \u00e0 preven\u00e7\u00e3o da explora\u00e7\u00e3o sexual de crian\u00e7as e adolescentes no turismo e em viagens.<\/li><li>Manter s\u00edmbolos vis\u00edveis que alertem clientes e fornecedores sobre a posi\u00e7\u00e3o da empresa em rela\u00e7\u00e3o \u00e0 explora\u00e7\u00e3o sexual de crian\u00e7as e adolescentes no turismo e em viagens.<\/li><li>Inclua nos contratos com os prestadores de servi\u00e7os tur\u00edsticos uma cl\u00e1usula que declare a rejei\u00e7\u00e3o m\u00fatua da explora\u00e7\u00e3o sexual de crian\u00e7as e adolescentes. O seguinte par\u00e1grafo ser\u00e1 utilizado: \u201cO turismo promove uma inf\u00e2ncia e adolesc\u00eancia livres de explora\u00e7\u00e3o sexual; portanto, n\u00e3o aceitamos qualquer ato que facilite a explora\u00e7\u00e3o sexual de crian\u00e7as e adolescentes.\u201d <\/li><\/ul><\/div><\/div><\/div><div class=\"gdlr-core-pbf-element\"><div class=\"gdlr-core-icon-list-item gdlr-core-item-pdlr gdlr-core-item-pdb clearfix gdlr-core-left-align gdlr-core-style-1\"> <\/div><\/div>\t\t\t\t\t\t\t\t<\/div>\n\t\t\t\t<\/div>\n\t\t<div class=\"elementor-element elementor-element-25da370 e-con-full e-flex e-con e-child\" data-id=\"25da370\" data-element_type=\"container\" data-e-type=\"container\">\n\t\t\t\t<div class=\"elementor-element elementor-element-d38f7c5 elementor-widget elementor-widget-image\" data-id=\"d38f7c5\" data-element_type=\"widget\" data-e-type=\"widget\" data-widget_type=\"image.default\">\n\t\t\t\t\t\t\t\t\t\t\t\t\t\t\t<img fetchpriority=\"high\" decoding=\"async\" width=\"727\" height=\"1024\" src=\"https:\/\/luckyperutour.com\/wp-content\/uploads\/2026\/03\/AFICHE-ESNNA-lucky-727x1024.webp\" class=\"attachment-large size-large wp-image-1290\" alt=\"\" srcset=\"https:\/\/luckyperutour.com\/wp-content\/uploads\/2026\/03\/AFICHE-ESNNA-lucky-727x1024.webp 727w, https:\/\/luckyperutour.com\/wp-content\/uploads\/2026\/03\/AFICHE-ESNNA-lucky-213x300.webp 213w, https:\/\/luckyperutour.com\/wp-content\/uploads\/2026\/03\/AFICHE-ESNNA-lucky-768x1081.webp 768w, https:\/\/luckyperutour.com\/wp-content\/uploads\/2026\/03\/AFICHE-ESNNA-lucky.webp 900w\" sizes=\"(max-width: 727px) 100vw, 727px\" \/>\t\t\t\t\t\t\t\t\t\t\t\t\t\t\t<\/div>\n\t\t\t\t<\/div>\n\t\t\t\t\t<\/div>\n\t\t\t\t<\/div>\n\t\t\t\t<\/div>\n\t\t","protected":false},"excerpt":{"rendered":"<p>C\u00d3DIGO DE CONDUCTA ESNNA Em conformidade com a Lei n\u00ba 28251, o Minist\u00e9rio do Com\u00e9rcio Exterior e Turismo (MINCETUR) estabeleceu uma pol\u00edtica contra a explora\u00e7\u00e3o sexual de crian\u00e7as e adolescentes (ESNNA). Portanto, o C\u00f3digo ESNNA e a LUCKY PER\u00da TOUR E.I.R.L. firmaram um acordo de a\u00e7\u00e3o conjunta para prevenir e erradicar esse problema. Declaramos, por [&hellip;]<\/p>\n","protected":false},"author":1,"featured_media":0,"parent":0,"menu_order":0,"comment_status":"closed","ping_status":"closed","template":"","meta":{"footnotes":""},"class_list":["post-1761","page","type-page","status-publish","hentry"],"yoast_head":"<!-- This site is optimized with the Yoast SEO Premium plugin v26.8 (Yoast SEO v27.3) - https:\/\/yoast.com\/product\/yoast-seo-premium-wordpress\/ -->\n<title>C\u00f3digo de Conduta da ESNNA<\/title>\n<meta name=\"robots\" content=\"index, follow, max-snippet:-1, max-image-preview:large, max-video-preview:-1\" \/>\n<link rel=\"canonical\" href=\"https:\/\/luckyperutour.com\/pt-br\/codigo-de-conduta-da-esnna\/\" \/>\n<meta property=\"og:locale\" content=\"pt_BR\" \/>\n<meta property=\"og:type\" content=\"article\" \/>\n<meta property=\"og:title\" content=\"C\u00f3digo de Conduta da ESNNA\" \/>\n<meta property=\"og:description\" content=\"C\u00d3DIGO DE CONDUCTA ESNNA Em conformidade com a Lei n\u00ba 28251, o Minist\u00e9rio do Com\u00e9rcio Exterior e Turismo (MINCETUR) estabeleceu uma pol\u00edtica contra a explora\u00e7\u00e3o sexual de crian\u00e7as e adolescentes (ESNNA). Portanto, o C\u00f3digo ESNNA e a LUCKY PER\u00da TOUR E.I.R.L. firmaram um acordo de a\u00e7\u00e3o conjunta para prevenir e erradicar esse problema. Declaramos, por [&hellip;]\" \/>\n<meta property=\"og:url\" content=\"https:\/\/luckyperutour.com\/pt-br\/codigo-de-conduta-da-esnna\/\" \/>\n<meta property=\"og:site_name\" content=\"Lucky Peru Tour\" \/>\n<meta property=\"article:publisher\" content=\"https:\/\/www.facebook.com\/LuckyPeruTourOficial\/\" \/>\n<meta property=\"article:modified_time\" content=\"2026-04-15T20:38:22+00:00\" \/>\n<meta property=\"og:image\" content=\"https:\/\/luckyperutour.com\/wp-content\/uploads\/2026\/03\/AFICHE-ESNNA-lucky.webp\" \/>\n\t<meta property=\"og:image:width\" content=\"900\" \/>\n\t<meta property=\"og:image:height\" content=\"1267\" \/>\n\t<meta property=\"og:image:type\" content=\"image\/webp\" \/>\n<meta name=\"twitter:card\" content=\"summary_large_image\" \/>\n<meta name=\"twitter:label1\" content=\"Est. tempo de leitura\" \/>\n\t<meta name=\"twitter:data1\" content=\"2 minutos\" \/>\n<script type=\"application\/ld+json\" class=\"yoast-schema-graph\">{\"@context\":\"https:\\\/\\\/schema.org\",\"@graph\":[{\"@type\":\"WebPage\",\"@id\":\"https:\\\/\\\/luckyperutour.com\\\/pt-br\\\/codigo-de-conduta-da-esnna\\\/\",\"url\":\"https:\\\/\\\/luckyperutour.com\\\/pt-br\\\/codigo-de-conduta-da-esnna\\\/\",\"name\":\"C\u00f3digo de Conduta da ESNNA\",\"isPartOf\":{\"@id\":\"https:\\\/\\\/luckyperutour.com\\\/#website\"},\"primaryImageOfPage\":{\"@id\":\"https:\\\/\\\/luckyperutour.com\\\/pt-br\\\/codigo-de-conduta-da-esnna\\\/#primaryimage\"},\"image\":{\"@id\":\"https:\\\/\\\/luckyperutour.com\\\/pt-br\\\/codigo-de-conduta-da-esnna\\\/#primaryimage\"},\"thumbnailUrl\":\"https:\\\/\\\/luckyperutour.com\\\/wp-content\\\/uploads\\\/2026\\\/03\\\/AFICHE-ESNNA-lucky-727x1024.webp\",\"datePublished\":\"2026-01-03T04:36:27+00:00\",\"dateModified\":\"2026-04-15T20:38:22+00:00\",\"breadcrumb\":{\"@id\":\"https:\\\/\\\/luckyperutour.com\\\/pt-br\\\/codigo-de-conduta-da-esnna\\\/#breadcrumb\"},\"inLanguage\":\"pt-BR\",\"potentialAction\":[{\"@type\":\"ReadAction\",\"target\":[\"https:\\\/\\\/luckyperutour.com\\\/pt-br\\\/codigo-de-conduta-da-esnna\\\/\"]}]},{\"@type\":\"ImageObject\",\"inLanguage\":\"pt-BR\",\"@id\":\"https:\\\/\\\/luckyperutour.com\\\/pt-br\\\/codigo-de-conduta-da-esnna\\\/#primaryimage\",\"url\":\"https:\\\/\\\/luckyperutour.com\\\/wp-content\\\/uploads\\\/2026\\\/03\\\/AFICHE-ESNNA-lucky-727x1024.webp\",\"contentUrl\":\"https:\\\/\\\/luckyperutour.com\\\/wp-content\\\/uploads\\\/2026\\\/03\\\/AFICHE-ESNNA-lucky-727x1024.webp\"},{\"@type\":\"BreadcrumbList\",\"@id\":\"https:\\\/\\\/luckyperutour.com\\\/pt-br\\\/codigo-de-conduta-da-esnna\\\/#breadcrumb\",\"itemListElement\":[{\"@type\":\"ListItem\",\"position\":1,\"name\":\"Portada\",\"item\":\"https:\\\/\\\/luckyperutour.com\\\/\"},{\"@type\":\"ListItem\",\"position\":2,\"name\":\"C\u00f3digo de Conduta da ESNNA\"}]},{\"@type\":\"WebSite\",\"@id\":\"https:\\\/\\\/luckyperutour.com\\\/#website\",\"url\":\"https:\\\/\\\/luckyperutour.com\\\/\",\"name\":\"Lucky Peru Tour\",\"description\":\"Tour Operator in Cusco\",\"publisher\":{\"@id\":\"https:\\\/\\\/luckyperutour.com\\\/#organization\"},\"alternateName\":\"Lucky Peru Tour\",\"potentialAction\":[{\"@type\":\"SearchAction\",\"target\":{\"@type\":\"EntryPoint\",\"urlTemplate\":\"https:\\\/\\\/luckyperutour.com\\\/?s={search_term_string}\"},\"query-input\":{\"@type\":\"PropertyValueSpecification\",\"valueRequired\":true,\"valueName\":\"search_term_string\"}}],\"inLanguage\":\"pt-BR\"},{\"@type\":\"Organization\",\"@id\":\"https:\\\/\\\/luckyperutour.com\\\/#organization\",\"name\":\"Lucky Peru Tour\",\"alternateName\":\"Lucky Peru Tour\",\"url\":\"https:\\\/\\\/luckyperutour.com\\\/\",\"logo\":{\"@type\":\"ImageObject\",\"inLanguage\":\"pt-BR\",\"@id\":\"https:\\\/\\\/luckyperutour.com\\\/#\\\/schema\\\/logo\\\/image\\\/\",\"url\":\"http:\\\/\\\/luckyperutour.com\\\/wp-content\\\/uploads\\\/2026\\\/01\\\/favicon-web.webp\",\"contentUrl\":\"http:\\\/\\\/luckyperutour.com\\\/wp-content\\\/uploads\\\/2026\\\/01\\\/favicon-web.webp\",\"width\":690,\"height\":690,\"caption\":\"Lucky Peru Tour\"},\"image\":{\"@id\":\"https:\\\/\\\/luckyperutour.com\\\/#\\\/schema\\\/logo\\\/image\\\/\"},\"sameAs\":[\"https:\\\/\\\/www.facebook.com\\\/LuckyPeruTourOficial\\\/\",\"https:\\\/\\\/www.instagram.com\\\/luckyperutour\\\/\",\"https:\\\/\\\/www.tiktok.com\\\/@luckyperutour\"]}]}<\/script>\n<!-- \/ Yoast SEO Premium plugin. -->","yoast_head_json":{"title":"C\u00f3digo de Conduta da ESNNA","robots":{"index":"index","follow":"follow","max-snippet":"max-snippet:-1","max-image-preview":"max-image-preview:large","max-video-preview":"max-video-preview:-1"},"canonical":"https:\/\/luckyperutour.com\/pt-br\/codigo-de-conduta-da-esnna\/","og_locale":"pt_BR","og_type":"article","og_title":"C\u00f3digo de Conduta da ESNNA","og_description":"C\u00d3DIGO DE CONDUCTA ESNNA Em conformidade com a Lei n\u00ba 28251, o Minist\u00e9rio do Com\u00e9rcio Exterior e Turismo (MINCETUR) estabeleceu uma pol\u00edtica contra a explora\u00e7\u00e3o sexual de crian\u00e7as e adolescentes (ESNNA). Portanto, o C\u00f3digo ESNNA e a LUCKY PER\u00da TOUR E.I.R.L. firmaram um acordo de a\u00e7\u00e3o conjunta para prevenir e erradicar esse problema. Declaramos, por [&hellip;]","og_url":"https:\/\/luckyperutour.com\/pt-br\/codigo-de-conduta-da-esnna\/","og_site_name":"Lucky Peru Tour","article_publisher":"https:\/\/www.facebook.com\/LuckyPeruTourOficial\/","article_modified_time":"2026-04-15T20:38:22+00:00","og_image":[{"width":900,"height":1267,"url":"https:\/\/luckyperutour.com\/wp-content\/uploads\/2026\/03\/AFICHE-ESNNA-lucky.webp","type":"image\/webp"}],"twitter_card":"summary_large_image","twitter_misc":{"Est. tempo de leitura":"2 minutos"},"schema":{"@context":"https:\/\/schema.org","@graph":[{"@type":"WebPage","@id":"https:\/\/luckyperutour.com\/pt-br\/codigo-de-conduta-da-esnna\/","url":"https:\/\/luckyperutour.com\/pt-br\/codigo-de-conduta-da-esnna\/","name":"C\u00f3digo de Conduta da ESNNA","isPartOf":{"@id":"https:\/\/luckyperutour.com\/#website"},"primaryImageOfPage":{"@id":"https:\/\/luckyperutour.com\/pt-br\/codigo-de-conduta-da-esnna\/#primaryimage"},"image":{"@id":"https:\/\/luckyperutour.com\/pt-br\/codigo-de-conduta-da-esnna\/#primaryimage"},"thumbnailUrl":"https:\/\/luckyperutour.com\/wp-content\/uploads\/2026\/03\/AFICHE-ESNNA-lucky-727x1024.webp","datePublished":"2026-01-03T04:36:27+00:00","dateModified":"2026-04-15T20:38:22+00:00","breadcrumb":{"@id":"https:\/\/luckyperutour.com\/pt-br\/codigo-de-conduta-da-esnna\/#breadcrumb"},"inLanguage":"pt-BR","potentialAction":[{"@type":"ReadAction","target":["https:\/\/luckyperutour.com\/pt-br\/codigo-de-conduta-da-esnna\/"]}]},{"@type":"ImageObject","inLanguage":"pt-BR","@id":"https:\/\/luckyperutour.com\/pt-br\/codigo-de-conduta-da-esnna\/#primaryimage","url":"https:\/\/luckyperutour.com\/wp-content\/uploads\/2026\/03\/AFICHE-ESNNA-lucky-727x1024.webp","contentUrl":"https:\/\/luckyperutour.com\/wp-content\/uploads\/2026\/03\/AFICHE-ESNNA-lucky-727x1024.webp"},{"@type":"BreadcrumbList","@id":"https:\/\/luckyperutour.com\/pt-br\/codigo-de-conduta-da-esnna\/#breadcrumb","itemListElement":[{"@type":"ListItem","position":1,"name":"Portada","item":"https:\/\/luckyperutour.com\/"},{"@type":"ListItem","position":2,"name":"C\u00f3digo de Conduta da ESNNA"}]},{"@type":"WebSite","@id":"https:\/\/luckyperutour.com\/#website","url":"https:\/\/luckyperutour.com\/","name":"Lucky Peru Tour","description":"Tour Operator in Cusco","publisher":{"@id":"https:\/\/luckyperutour.com\/#organization"},"alternateName":"Lucky Peru Tour","potentialAction":[{"@type":"SearchAction","target":{"@type":"EntryPoint","urlTemplate":"https:\/\/luckyperutour.com\/?s={search_term_string}"},"query-input":{"@type":"PropertyValueSpecification","valueRequired":true,"valueName":"search_term_string"}}],"inLanguage":"pt-BR"},{"@type":"Organization","@id":"https:\/\/luckyperutour.com\/#organization","name":"Lucky Peru Tour","alternateName":"Lucky Peru Tour","url":"https:\/\/luckyperutour.com\/","logo":{"@type":"ImageObject","inLanguage":"pt-BR","@id":"https:\/\/luckyperutour.com\/#\/schema\/logo\/image\/","url":"http:\/\/luckyperutour.com\/wp-content\/uploads\/2026\/01\/favicon-web.webp","contentUrl":"http:\/\/luckyperutour.com\/wp-content\/uploads\/2026\/01\/favicon-web.webp","width":690,"height":690,"caption":"Lucky Peru Tour"},"image":{"@id":"https:\/\/luckyperutour.com\/#\/schema\/logo\/image\/"},"sameAs":["https:\/\/www.facebook.com\/LuckyPeruTourOficial\/","https:\/\/www.instagram.com\/luckyperutour\/","https:\/\/www.tiktok.com\/@luckyperutour"]}]}},"_links":{"self":[{"href":"https:\/\/luckyperutour.com\/pt-br\/wp-json\/wp\/v2\/pages\/1761","targetHints":{"allow":["GET"]}}],"collection":[{"href":"https:\/\/luckyperutour.com\/pt-br\/wp-json\/wp\/v2\/pages"}],"about":[{"href":"https:\/\/luckyperutour.com\/pt-br\/wp-json\/wp\/v2\/types\/page"}],"author":[{"embeddable":true,"href":"https:\/\/luckyperutour.com\/pt-br\/wp-json\/wp\/v2\/users\/1"}],"replies":[{"embeddable":true,"href":"https:\/\/luckyperutour.com\/pt-br\/wp-json\/wp\/v2\/comments?post=1761"}],"version-history":[{"count":1,"href":"https:\/\/luckyperutour.com\/pt-br\/wp-json\/wp\/v2\/pages\/1761\/revisions"}],"predecessor-version":[{"id":1762,"href":"https:\/\/luckyperutour.com\/pt-br\/wp-json\/wp\/v2\/pages\/1761\/revisions\/1762"}],"wp:attachment":[{"href":"https:\/\/luckyperutour.com\/pt-br\/wp-json\/wp\/v2\/media?parent=1761"}],"curies":[{"name":"wp","href":"https:\/\/api.w.org\/{rel}","templated":true}]}}